{"id":3772,"date":"2020-12-18T16:28:06","date_gmt":"2020-12-18T15:28:06","guid":{"rendered":"https:\/\/noraker.com\/?page_id=3772"},"modified":"2020-12-21T13:48:56","modified_gmt":"2020-12-21T12:48:56","slug":"references","status":"publish","type":"page","link":"https:\/\/noraker.com\/en\/references\/","title":{"rendered":"References"},"content":{"rendered":"\t\t<div data-elementor-type=\"wp-page\" data-elementor-id=\"3772\" class=\"elementor elementor-3772 elementor-47\" data-elementor-post-type=\"page\">\n\t\t\t\t\t\t<section class=\"elementor-section elementor-top-section elementor-element elementor-element-ce49f3d elementor-section-height-min-height elementor-section-content-middle elementor-section-boxed elementor-section-height-default elementor-section-items-middle\" data-id=\"ce49f3d\" data-element_type=\"section\" data-e-type=\"section\">\n\t\t\t\t\t\t<div class=\"elementor-container elementor-column-gap-default\">\n\t\t\t\t\t<div class=\"elementor-column elementor-col-100 elementor-top-column elementor-element elementor-element-24c8548\" data-id=\"24c8548\" data-element_type=\"column\" data-e-type=\"column\">\n\t\t\t<div class=\"elementor-widget-wrap elementor-element-populated\">\n\t\t\t\t\t\t<div class=\"elementor-element elementor-element-b6cf6a8 elementor-widget elementor-widget-heading\" data-id=\"b6cf6a8\" data-element_type=\"widget\" data-e-type=\"widget\" data-widget_type=\"heading.default\">\n\t\t\t\t<div class=\"elementor-widget-container\">\n\t\t\t\t\t<h1 class=\"elementor-heading-title elementor-size-default\">references<\/h1>\t\t\t\t<\/div>\n\t\t\t\t<\/div>\n\t\t\t\t<div class=\"elementor-element elementor-element-01b67ba elementor-widget-divider--view-line elementor-widget elementor-widget-divider\" data-id=\"01b67ba\" data-element_type=\"widget\" data-e-type=\"widget\" data-widget_type=\"divider.default\">\n\t\t\t\t<div class=\"elementor-widget-container\">\n\t\t\t\t\t\t\t<div class=\"elementor-divider\">\n\t\t\t<span class=\"elementor-divider-separator\">\n\t\t\t\t\t\t<\/span>\n\t\t<\/div>\n\t\t\t\t\t\t<\/div>\n\t\t\t\t<\/div>\n\t\t\t\t\t<\/div>\n\t\t<\/div>\n\t\t\t\t\t<\/div>\n\t\t<\/section>\n\t\t\t\t<section class=\"elementor-section elementor-top-section elementor-element elementor-element-566ce3e elementor-section-boxed elementor-section-height-default elementor-section-height-default\" data-id=\"566ce3e\" data-element_type=\"section\" data-e-type=\"section\">\n\t\t\t\t\t\t<div class=\"elementor-container elementor-column-gap-default\">\n\t\t\t\t\t<div class=\"elementor-column elementor-col-100 elementor-top-column elementor-element elementor-element-8b8915a\" data-id=\"8b8915a\" data-element_type=\"column\" data-e-type=\"column\">\n\t\t\t<div class=\"elementor-widget-wrap elementor-element-populated\">\n\t\t\t\t\t\t<div class=\"elementor-element elementor-element-a957fae ref-accordion elementor-widget elementor-widget-accordion\" data-id=\"a957fae\" data-element_type=\"widget\" data-e-type=\"widget\" data-widget_type=\"accordion.default\">\n\t\t\t\t<div class=\"elementor-widget-container\">\n\t\t\t\t\t\t\t<div class=\"elementor-accordion\">\n\t\t\t\t\t\t\t<div class=\"elementor-accordion-item\">\n\t\t\t\t\t<div id=\"elementor-tab-title-1771\" class=\"elementor-tab-title\" data-tab=\"1\" role=\"button\" aria-controls=\"elementor-tab-content-1771\" aria-expanded=\"false\">\n\t\t\t\t\t\t\t\t\t\t\t\t\t<span class=\"elementor-accordion-icon elementor-accordion-icon-right\" aria-hidden=\"true\">\n\t\t\t\t\t\t\t\t\t\t\t\t\t\t\t<span class=\"elementor-accordion-icon-closed\"><i class=\"fas fa-chevron-down\"><\/i><\/span>\n\t\t\t\t\t\t\t\t<span class=\"elementor-accordion-icon-opened\"><i class=\"fas fa-chevron-up\"><\/i><\/span>\n\t\t\t\t\t\t\t\t\t\t\t\t\t\t<\/span>\n\t\t\t\t\t\t\t\t\t\t\t\t<a class=\"elementor-accordion-title\" tabindex=\"0\">REGENERATIVE MEDECINE (Orthopaedic et Dental) :<\/a>\n\t\t\t\t\t<\/div>\n\t\t\t\t\t<div id=\"elementor-tab-content-1771\" class=\"elementor-tab-content elementor-clearfix\" data-tab=\"1\" role=\"region\" aria-labelledby=\"elementor-tab-title-1771\"><div class=\"w-tabs-section-content\"><div class=\"w-tabs-section-content-h i-cf\"><div class=\"wpb_text_column \"><div class=\"wpb_wrapper\"><p><strong>1.<\/strong> Hench, L.L.\u00a0The story of Bioglass. J Matter Sci: Matter Med.\u00a0Springer Science, 2006, Vol. 17, p. 967-978.<\/p><p><strong>2.<\/strong> Jones, J.R.\u00a0Review of bioactive glass: from Hench to hybrids.\u00a0Acta Biomaterialia. Elsevier, 2013, Vol. 9, pp.4457-4486<\/p><p><strong>3.<\/strong> Jell, G. and al. Gene activation by bioactive glasses. J Mater Sci: Mater Med. Springer Science, 2006, Vol. 17, pp.997-1002.<\/p><p><strong>4.<\/strong> Xynos, I.D. and al. Ionic products of bioactive glass dissolution increase proliferation of human osteoblasts and induce insulin-like growth factor II mRNA expression and protein synthesis. Biochemical and Biophysical Research Communications. 2000, Vol. 276, 2, pp. 461-<\/p><p><strong>5.<\/strong> Hench, L.L. Genetic design of biactive glass. Journal of the European Ceramic Society. Elsevier, 2009, Vol. 29, pp. 1257-1265.<\/p><p><strong>6.<\/strong> Tsigkou, O. and al. Differentiation of fetal osteoblasts and formation of mineralized bone nodules by 45S5 Bioglass conditioned medium in the absence of osteogenic supplements. Biomaterials. Elsevier, 2009,\u00a0 vol. 30, pp.3542-50.<\/p><p><strong>7.<\/strong> Oonishi, H. and al. Quantitative comparison of bone growth behavior in granules of Bioglass, A-W glass ceramic and hydroxyapatite. J Biomed Mater Res. John Wiley &amp; Sons, Inc., 2000, Vol. 51.<\/p><p><strong>8.<\/strong> Hoppe, A., Nusret, S.G. and Boccaccini, A.R. A review of the biological response to ionic dissolution products from bioactive glasses and glass-ceramics<\/p><\/div><\/div><\/div><\/div><\/div>\n\t\t\t\t<\/div>\n\t\t\t\t\t\t\t<div class=\"elementor-accordion-item\">\n\t\t\t\t\t<div id=\"elementor-tab-title-1772\" class=\"elementor-tab-title\" data-tab=\"2\" role=\"button\" aria-controls=\"elementor-tab-content-1772\" aria-expanded=\"false\">\n\t\t\t\t\t\t\t\t\t\t\t\t\t<span class=\"elementor-accordion-icon elementor-accordion-icon-right\" aria-hidden=\"true\">\n\t\t\t\t\t\t\t\t\t\t\t\t\t\t\t<span class=\"elementor-accordion-icon-closed\"><i class=\"fas fa-chevron-down\"><\/i><\/span>\n\t\t\t\t\t\t\t\t<span class=\"elementor-accordion-icon-opened\"><i class=\"fas fa-chevron-up\"><\/i><\/span>\n\t\t\t\t\t\t\t\t\t\t\t\t\t\t<\/span>\n\t\t\t\t\t\t\t\t\t\t\t\t<a class=\"elementor-accordion-title\" tabindex=\"0\">MEMBRANE<\/a>\n\t\t\t\t\t<\/div>\n\t\t\t\t\t<div id=\"elementor-tab-content-1772\" class=\"elementor-tab-content elementor-clearfix\" data-tab=\"2\" role=\"region\" aria-labelledby=\"elementor-tab-title-1772\"><div class=\"w-tabs-section-content\"><div class=\"w-tabs-section-content-h i-cf\"><div class=\"wpb_text_column \"><div class=\"wpb_wrapper\"><p><strong>9.<\/strong> Hoornaert A., Layrolle P., Sohier J. Membrane de r\u00e9g\u00e9n\u00e9ration osseuse et proc\u00e9d\u00e9 de formation d\u2019une membrane de r\u00e9g\u00e9n\u00e9ration osseuse. EP2404627, 2010.<\/p><p><strong>10.<\/strong> Hoornaert A., Arros C., Heymann M-A, Layrolle P. Biocompatibility, resorption and biofunctionality of a new synthetic biodegradable membrane for guided bone regeneration. Biomedical Materials, 2016, Revised article submitted on April 29, 2016<\/p><p><strong>11.<\/strong> Retzepi M, Donos N. Guided Bone Regeneration: biological principle and therapeutic applications. Clin. Oral Impl. Res. 21 (2010) 567\u201376.<\/p><\/div><\/div><\/div><\/div><\/div>\n\t\t\t\t<\/div>\n\t\t\t\t\t\t\t<div class=\"elementor-accordion-item\">\n\t\t\t\t\t<div id=\"elementor-tab-title-1773\" class=\"elementor-tab-title\" data-tab=\"3\" role=\"button\" aria-controls=\"elementor-tab-content-1773\" aria-expanded=\"false\">\n\t\t\t\t\t\t\t\t\t\t\t\t\t<span class=\"elementor-accordion-icon elementor-accordion-icon-right\" aria-hidden=\"true\">\n\t\t\t\t\t\t\t\t\t\t\t\t\t\t\t<span class=\"elementor-accordion-icon-closed\"><i class=\"fas fa-chevron-down\"><\/i><\/span>\n\t\t\t\t\t\t\t\t<span class=\"elementor-accordion-icon-opened\"><i class=\"fas fa-chevron-up\"><\/i><\/span>\n\t\t\t\t\t\t\t\t\t\t\t\t\t\t<\/span>\n\t\t\t\t\t\t\t\t\t\t\t\t<a class=\"elementor-accordion-title\" tabindex=\"0\">SPORTS MEDECINE (Knee, shoulder and small joint) :<\/a>\n\t\t\t\t\t<\/div>\n\t\t\t\t\t<div id=\"elementor-tab-content-1773\" class=\"elementor-tab-content elementor-clearfix\" data-tab=\"3\" role=\"region\" aria-labelledby=\"elementor-tab-title-1773\"><div class=\"w-tabs-section-content\"><div class=\"w-tabs-section-content-h i-cf\"><div class=\"wpb_text_column \"><div class=\"wpb_wrapper\"><p><strong>12.<\/strong> Hench L. The story of Bioglass, Journal of Materials Science: Materials in Medicine (2006) 17:967-978<\/p><p><strong>13.<\/strong> EP1967160<\/p><p><strong>14.<\/strong> Data on files at Manufacturer<\/p><p><strong>15.<\/strong> Landes, C.A., Ballon A. and Roth C., In-patient versus in vitro degradation of P(L\/DL)LA and PLGA, Journal of Biomedical Materials Research Part B: Applied Biomaterials (2006) 76(2):403-11<\/p><p><strong>16.<\/strong> Middleton J.C., Tipton A.J., Synthetic biodegradable polymers as orthopedic devices, Biomaterials (2000), 21(23):2335-2346<\/p><p><strong>17.<\/strong> Weiler, A., Hoffmann R.F. et al., Hamstring tendon fixation using interference screws: a biomechanical study in calf tibial bone, Arthroscopy: The Journal of Arthroscopic and Related Surgery (1998) (1):29-37<\/p><p><strong>18.<\/strong> Joerg, W., In Vitro degradation and strength retention of high- molecular weight poly(L-lactide-coD,L-lactide) 70:30 (2002) \u2013 Boehringer- Evonik<\/p><p><strong>19.<\/strong> Bostman O., Clinical biocompatibility of biodegradable orthopaedic implants for internal fixation: a review, Biomaterials (2000) 21(24):2615- 2621<\/p><\/div><\/div><\/div><\/div><\/div>\n\t\t\t\t<\/div>\n\t\t\t\t\t\t\t\t<\/div>\n\t\t\t\t\t\t<\/div>\n\t\t\t\t<\/div>\n\t\t\t\t\t<\/div>\n\t\t<\/div>\n\t\t\t\t\t<\/div>\n\t\t<\/section>\n\t\t\t\t<\/div>\n\t\t","protected":false},"excerpt":{"rendered":"<p>references REGENERATIVE MEDECINE (Orthopaedic et Dental) : 1. Hench, L.L.\u00a0The story of Bioglass. J Matter Sci: Matter Med.\u00a0Springer Science, 2006, Vol. 17, p. 967-978. 2. Jones, J.R.\u00a0Review of bioactive glass: from Hench to hybrids.\u00a0Acta Biomaterialia. Elsevier, 2013, Vol. 9, pp.4457-4486 3. Jell, G. and al. Gene activation by bioactive glasses. J Mater Sci: Mater Med. [&hellip;]<\/p>\n","protected":false},"author":1,"featured_media":0,"parent":0,"menu_order":0,"comment_status":"closed","ping_status":"closed","template":"elementor_header_footer","meta":{"site-sidebar-layout":"no-sidebar","site-content-layout":"page-builder","ast-site-content-layout":"default","site-content-style":"default","site-sidebar-style":"default","ast-global-header-display":"","ast-banner-title-visibility":"","ast-main-header-display":"","ast-hfb-above-header-display":"","ast-hfb-below-header-display":"","ast-hfb-mobile-header-display":"","site-post-title":"disabled","ast-breadcrumbs-content":"","ast-featured-img":"disabled","footer-sml-layout":"","ast-disable-related-posts":"","theme-transparent-header-meta":"default","adv-header-id-meta":"","stick-header-meta":"","header-above-stick-meta":"","header-main-stick-meta":"","header-below-stick-meta":"","astra-migrate-meta-layouts":"default","ast-page-background-enabled":"default","ast-page-background-meta":{"desktop":{"background-color":"","background-image":"","background-repeat":"repeat","background-position":"center center","background-size":"auto","background-attachment":"scroll","background-type":"","background-media":"","overlay-type":"","overlay-color":"","overlay-opacity":"","overlay-gradient":""},"tablet":{"background-color":"","background-image":"","background-repeat":"repeat","background-position":"center center","background-size":"auto","background-attachment":"scroll","background-type":"","background-media":"","overlay-type":"","overlay-color":"","overlay-opacity":"","overlay-gradient":""},"mobile":{"background-color":"","background-image":"","background-repeat":"repeat","background-position":"center center","background-size":"auto","background-attachment":"scroll","background-type":"","background-media":"","overlay-type":"","overlay-color":"","overlay-opacity":"","overlay-gradient":""}},"ast-content-background-meta":{"desktop":{"background-color":"var(--ast-global-color-5)","background-image":"","background-repeat":"repeat","background-position":"center center","background-size":"auto","background-attachment":"scroll","background-type":"","background-media":"","overlay-type":"","overlay-color":"","overlay-opacity":"","overlay-gradient":""},"tablet":{"background-color":"var(--ast-global-color-5)","background-image":"","background-repeat":"repeat","background-position":"center center","background-size":"auto","background-attachment":"scroll","background-type":"","background-media":"","overlay-type":"","overlay-color":"","overlay-opacity":"","overlay-gradient":""},"mobile":{"background-color":"var(--ast-global-color-5)","background-image":"","background-repeat":"repeat","background-position":"center center","background-size":"auto","background-attachment":"scroll","background-type":"","background-media":"","overlay-type":"","overlay-color":"","overlay-opacity":"","overlay-gradient":""}},"footnotes":""},"class_list":["post-3772","page","type-page","status-publish","hentry"],"yoast_head":"<!-- This site is optimized with the Yoast SEO plugin v27.0 - https:\/\/yoast.com\/product\/yoast-seo-wordpress\/ -->\n<title>References - Noraker<\/title>\n<meta name=\"robots\" content=\"index, follow, max-snippet:-1, max-image-preview:large, max-video-preview:-1\" \/>\n<link rel=\"canonical\" href=\"https:\/\/noraker.com\/en\/references\/\" \/>\n<meta property=\"og:locale\" content=\"en_US\" \/>\n<meta property=\"og:type\" content=\"article\" \/>\n<meta property=\"og:title\" content=\"References - Noraker\" \/>\n<meta property=\"og:description\" content=\"references REGENERATIVE MEDECINE (Orthopaedic et Dental) : 1. Hench, L.L.\u00a0The story of Bioglass. J Matter Sci: Matter Med.\u00a0Springer Science, 2006, Vol. 17, p. 967-978. 2. Jones, J.R.\u00a0Review of bioactive glass: from Hench to hybrids.\u00a0Acta Biomaterialia. Elsevier, 2013, Vol. 9, pp.4457-4486 3. Jell, G. and al. Gene activation by bioactive glasses. J Mater Sci: Mater Med. [&hellip;]\" \/>\n<meta property=\"og:url\" content=\"https:\/\/noraker.com\/en\/references\/\" \/>\n<meta property=\"og:site_name\" content=\"Noraker\" \/>\n<meta property=\"article:modified_time\" content=\"2020-12-21T12:48:56+00:00\" \/>\n<meta name=\"twitter:card\" content=\"summary_large_image\" \/>\n<meta name=\"twitter:label1\" content=\"Est. reading time\" \/>\n\t<meta name=\"twitter:data1\" content=\"2 minutes\" \/>\n<script type=\"application\/ld+json\" class=\"yoast-schema-graph\">{\"@context\":\"https:\/\/schema.org\",\"@graph\":[{\"@type\":\"WebPage\",\"@id\":\"https:\/\/noraker.com\/en\/references\/\",\"url\":\"https:\/\/noraker.com\/en\/references\/\",\"name\":\"References - Noraker\",\"isPartOf\":{\"@id\":\"https:\/\/noraker.com\/en\/#website\"},\"datePublished\":\"2020-12-18T15:28:06+00:00\",\"dateModified\":\"2020-12-21T12:48:56+00:00\",\"breadcrumb\":{\"@id\":\"https:\/\/noraker.com\/en\/references\/#breadcrumb\"},\"inLanguage\":\"en-US\",\"potentialAction\":[{\"@type\":\"ReadAction\",\"target\":[\"https:\/\/noraker.com\/en\/references\/\"]}]},{\"@type\":\"BreadcrumbList\",\"@id\":\"https:\/\/noraker.com\/en\/references\/#breadcrumb\",\"itemListElement\":[{\"@type\":\"ListItem\",\"position\":1,\"name\":\"Home\",\"item\":\"https:\/\/noraker.com\/fr\/\"},{\"@type\":\"ListItem\",\"position\":2,\"name\":\"References\"}]},{\"@type\":\"WebSite\",\"@id\":\"https:\/\/noraker.com\/en\/#website\",\"url\":\"https:\/\/noraker.com\/en\/\",\"name\":\"Noraker\",\"description\":\"\",\"publisher\":{\"@id\":\"https:\/\/noraker.com\/en\/#organization\"},\"potentialAction\":[{\"@type\":\"SearchAction\",\"target\":{\"@type\":\"EntryPoint\",\"urlTemplate\":\"https:\/\/noraker.com\/en\/?s={search_term_string}\"},\"query-input\":{\"@type\":\"PropertyValueSpecification\",\"valueRequired\":true,\"valueName\":\"search_term_string\"}}],\"inLanguage\":\"en-US\"},{\"@type\":\"Organization\",\"@id\":\"https:\/\/noraker.com\/en\/#organization\",\"name\":\"Noraker\",\"url\":\"https:\/\/noraker.com\/en\/\",\"logo\":{\"@type\":\"ImageObject\",\"inLanguage\":\"en-US\",\"@id\":\"https:\/\/noraker.com\/en\/#\/schema\/logo\/image\/\",\"url\":\"https:\/\/noraker.com\/wp-content\/uploads\/2020\/12\/noraker-logo.png\",\"contentUrl\":\"https:\/\/noraker.com\/wp-content\/uploads\/2020\/12\/noraker-logo.png\",\"width\":599,\"height\":186,\"caption\":\"Noraker\"},\"image\":{\"@id\":\"https:\/\/noraker.com\/en\/#\/schema\/logo\/image\/\"}}]}<\/script>\n<!-- \/ Yoast SEO plugin. -->","yoast_head_json":{"title":"References - Noraker","robots":{"index":"index","follow":"follow","max-snippet":"max-snippet:-1","max-image-preview":"max-image-preview:large","max-video-preview":"max-video-preview:-1"},"canonical":"https:\/\/noraker.com\/en\/references\/","og_locale":"en_US","og_type":"article","og_title":"References - Noraker","og_description":"references REGENERATIVE MEDECINE (Orthopaedic et Dental) : 1. Hench, L.L.\u00a0The story of Bioglass. J Matter Sci: Matter Med.\u00a0Springer Science, 2006, Vol. 17, p. 967-978. 2. Jones, J.R.\u00a0Review of bioactive glass: from Hench to hybrids.\u00a0Acta Biomaterialia. Elsevier, 2013, Vol. 9, pp.4457-4486 3. Jell, G. and al. Gene activation by bioactive glasses. J Mater Sci: Mater Med. [&hellip;]","og_url":"https:\/\/noraker.com\/en\/references\/","og_site_name":"Noraker","article_modified_time":"2020-12-21T12:48:56+00:00","twitter_card":"summary_large_image","twitter_misc":{"Est. reading time":"2 minutes"},"schema":{"@context":"https:\/\/schema.org","@graph":[{"@type":"WebPage","@id":"https:\/\/noraker.com\/en\/references\/","url":"https:\/\/noraker.com\/en\/references\/","name":"References - Noraker","isPartOf":{"@id":"https:\/\/noraker.com\/en\/#website"},"datePublished":"2020-12-18T15:28:06+00:00","dateModified":"2020-12-21T12:48:56+00:00","breadcrumb":{"@id":"https:\/\/noraker.com\/en\/references\/#breadcrumb"},"inLanguage":"en-US","potentialAction":[{"@type":"ReadAction","target":["https:\/\/noraker.com\/en\/references\/"]}]},{"@type":"BreadcrumbList","@id":"https:\/\/noraker.com\/en\/references\/#breadcrumb","itemListElement":[{"@type":"ListItem","position":1,"name":"Home","item":"https:\/\/noraker.com\/fr\/"},{"@type":"ListItem","position":2,"name":"References"}]},{"@type":"WebSite","@id":"https:\/\/noraker.com\/en\/#website","url":"https:\/\/noraker.com\/en\/","name":"Noraker","description":"","publisher":{"@id":"https:\/\/noraker.com\/en\/#organization"},"potentialAction":[{"@type":"SearchAction","target":{"@type":"EntryPoint","urlTemplate":"https:\/\/noraker.com\/en\/?s={search_term_string}"},"query-input":{"@type":"PropertyValueSpecification","valueRequired":true,"valueName":"search_term_string"}}],"inLanguage":"en-US"},{"@type":"Organization","@id":"https:\/\/noraker.com\/en\/#organization","name":"Noraker","url":"https:\/\/noraker.com\/en\/","logo":{"@type":"ImageObject","inLanguage":"en-US","@id":"https:\/\/noraker.com\/en\/#\/schema\/logo\/image\/","url":"https:\/\/noraker.com\/wp-content\/uploads\/2020\/12\/noraker-logo.png","contentUrl":"https:\/\/noraker.com\/wp-content\/uploads\/2020\/12\/noraker-logo.png","width":599,"height":186,"caption":"Noraker"},"image":{"@id":"https:\/\/noraker.com\/en\/#\/schema\/logo\/image\/"}}]}},"_links":{"self":[{"href":"https:\/\/noraker.com\/en\/wp-json\/wp\/v2\/pages\/3772","targetHints":{"allow":["GET"]}}],"collection":[{"href":"https:\/\/noraker.com\/en\/wp-json\/wp\/v2\/pages"}],"about":[{"href":"https:\/\/noraker.com\/en\/wp-json\/wp\/v2\/types\/page"}],"author":[{"embeddable":true,"href":"https:\/\/noraker.com\/en\/wp-json\/wp\/v2\/users\/1"}],"replies":[{"embeddable":true,"href":"https:\/\/noraker.com\/en\/wp-json\/wp\/v2\/comments?post=3772"}],"version-history":[{"count":14,"href":"https:\/\/noraker.com\/en\/wp-json\/wp\/v2\/pages\/3772\/revisions"}],"predecessor-version":[{"id":4197,"href":"https:\/\/noraker.com\/en\/wp-json\/wp\/v2\/pages\/3772\/revisions\/4197"}],"wp:attachment":[{"href":"https:\/\/noraker.com\/en\/wp-json\/wp\/v2\/media?parent=3772"}],"curies":[{"name":"wp","href":"https:\/\/api.w.org\/{rel}","templated":true}]}}