{"id":51,"date":"2020-12-16T10:26:18","date_gmt":"2020-12-16T09:26:18","guid":{"rendered":"https:\/\/noraker.com\/noraker\/?page_id=51"},"modified":"2026-03-19T15:14:53","modified_gmt":"2026-03-19T14:14:53","slug":"contact","status":"publish","type":"page","link":"https:\/\/noraker.com\/fr\/contact\/","title":{"rendered":"Contact"},"content":{"rendered":"\t\t<div data-elementor-type=\"wp-page\" data-elementor-id=\"51\" class=\"elementor elementor-51\" data-elementor-post-type=\"page\">\n\t\t\t\t\t\t<section class=\"elementor-section elementor-top-section elementor-element elementor-element-78ed18c elementor-section-height-min-height elementor-section-boxed elementor-section-height-default elementor-section-items-middle\" data-id=\"78ed18c\" data-element_type=\"section\" data-e-type=\"section\">\n\t\t\t\t\t\t<div class=\"elementor-container elementor-column-gap-default\">\n\t\t\t\t\t<div class=\"elementor-column elementor-col-100 elementor-top-column elementor-element elementor-element-abaf0bd\" data-id=\"abaf0bd\" data-element_type=\"column\" data-e-type=\"column\">\n\t\t\t<div class=\"elementor-widget-wrap elementor-element-populated\">\n\t\t\t\t\t\t<div class=\"elementor-element elementor-element-e644024 elementor-widget elementor-widget-heading\" data-id=\"e644024\" data-element_type=\"widget\" data-e-type=\"widget\" data-widget_type=\"heading.default\">\n\t\t\t\t<div class=\"elementor-widget-container\">\n\t\t\t\t\t<h1 class=\"elementor-heading-title elementor-size-default\">contact<\/h1>\t\t\t\t<\/div>\n\t\t\t\t<\/div>\n\t\t\t\t<div class=\"elementor-element elementor-element-ed6ef70 elementor-widget-divider--view-line elementor-widget elementor-widget-divider\" data-id=\"ed6ef70\" data-element_type=\"widget\" data-e-type=\"widget\" data-widget_type=\"divider.default\">\n\t\t\t\t<div class=\"elementor-widget-container\">\n\t\t\t\t\t\t\t<div class=\"elementor-divider\">\n\t\t\t<span class=\"elementor-divider-separator\">\n\t\t\t\t\t\t<\/span>\n\t\t<\/div>\n\t\t\t\t\t\t<\/div>\n\t\t\t\t<\/div>\n\t\t\t\t\t<\/div>\n\t\t<\/div>\n\t\t\t\t\t<\/div>\n\t\t<\/section>\n\t\t\t\t<section class=\"elementor-section elementor-top-section elementor-element elementor-element-cea1f2d elementor-section-boxed elementor-section-height-default elementor-section-height-default\" data-id=\"cea1f2d\" data-element_type=\"section\" data-e-type=\"section\">\n\t\t\t\t\t\t<div class=\"elementor-container elementor-column-gap-wide\">\n\t\t\t\t\t<div class=\"elementor-column elementor-col-50 elementor-top-column elementor-element elementor-element-3e9dbba\" data-id=\"3e9dbba\" data-element_type=\"column\" data-e-type=\"column\">\n\t\t\t<div class=\"elementor-widget-wrap elementor-element-populated\">\n\t\t\t\t\t\t<div class=\"elementor-element elementor-element-5039225 elementor-position-inline-start icon-contact elementor-view-default elementor-mobile-position-block-start elementor-widget elementor-widget-icon-box\" data-id=\"5039225\" data-element_type=\"widget\" data-e-type=\"widget\" data-widget_type=\"icon-box.default\">\n\t\t\t\t<div class=\"elementor-widget-container\">\n\t\t\t\t\t\t\t<div class=\"elementor-icon-box-wrapper\">\n\n\t\t\t\t\t\t<div class=\"elementor-icon-box-icon\">\n\t\t\t\t<span  class=\"elementor-icon\">\n\t\t\t\t<i aria-hidden=\"true\" class=\"fas fa-envelope\"><\/i>\t\t\t\t<\/span>\n\t\t\t<\/div>\n\t\t\t\n\t\t\t\t\t\t<div class=\"elementor-icon-box-content\">\n\n\t\t\t\t\t\t\t\t\t<h3 class=\"elementor-icon-box-title\">\n\t\t\t\t\t\t<span  >\n\t\t\t\t\t\t\t contact@noraker.com\t\t\t\t\t\t<\/span>\n\t\t\t\t\t<\/h3>\n\t\t\t\t\n\t\t\t\t\n\t\t\t<\/div>\n\t\t\t\n\t\t<\/div>\n\t\t\t\t\t\t<\/div>\n\t\t\t\t<\/div>\n\t\t\t\t<div class=\"elementor-element elementor-element-42ef466 elementor-position-inline-start icon-contact elementor-view-default elementor-mobile-position-block-start elementor-widget elementor-widget-icon-box\" data-id=\"42ef466\" data-element_type=\"widget\" data-e-type=\"widget\" data-widget_type=\"icon-box.default\">\n\t\t\t\t<div class=\"elementor-widget-container\">\n\t\t\t\t\t\t\t<div class=\"elementor-icon-box-wrapper\">\n\n\t\t\t\t\t\t<div class=\"elementor-icon-box-icon\">\n\t\t\t\t<span  class=\"elementor-icon\">\n\t\t\t\t<i aria-hidden=\"true\" class=\"fas fa-phone\"><\/i>\t\t\t\t<\/span>\n\t\t\t<\/div>\n\t\t\t\n\t\t\t\t\t\t<div class=\"elementor-icon-box-content\">\n\n\t\t\t\t\t\t\t\t\t<h3 class=\"elementor-icon-box-title\">\n\t\t\t\t\t\t<span  >\n\t\t\t\t\t\t\t+33 (0)4 78 93 30 92\t\t\t\t\t\t<\/span>\n\t\t\t\t\t<\/h3>\n\t\t\t\t\n\t\t\t\t\n\t\t\t<\/div>\n\t\t\t\n\t\t<\/div>\n\t\t\t\t\t\t<\/div>\n\t\t\t\t<\/div>\n\t\t\t\t<div class=\"elementor-element elementor-element-8fd20a5 elementor-position-inline-start icon-contact elementor-view-default elementor-mobile-position-block-start elementor-widget elementor-widget-icon-box\" data-id=\"8fd20a5\" data-element_type=\"widget\" data-e-type=\"widget\" data-widget_type=\"icon-box.default\">\n\t\t\t\t<div class=\"elementor-widget-container\">\n\t\t\t\t\t\t\t<div class=\"elementor-icon-box-wrapper\">\n\n\t\t\t\t\t\t<div class=\"elementor-icon-box-icon\">\n\t\t\t\t<span  class=\"elementor-icon\">\n\t\t\t\t<i aria-hidden=\"true\" class=\"fas fa-map-marker-alt\"><\/i>\t\t\t\t<\/span>\n\t\t\t<\/div>\n\t\t\t\n\t\t\t\t\t\t<div class=\"elementor-icon-box-content\">\n\n\t\t\t\t\t\t\t\t\t<h3 class=\"elementor-icon-box-title\">\n\t\t\t\t\t\t<span  >\n\t\t\t\t\t\t\t60 avenue Rockefeller 69008 LYON\t\t\t\t\t\t<\/span>\n\t\t\t\t\t<\/h3>\n\t\t\t\t\n\t\t\t\t\n\t\t\t<\/div>\n\t\t\t\n\t\t<\/div>\n\t\t\t\t\t\t<\/div>\n\t\t\t\t<\/div>\n\t\t\t\t<div class=\"elementor-element elementor-element-7b53590 elementor-widget elementor-widget-google_maps\" data-id=\"7b53590\" data-element_type=\"widget\" data-e-type=\"widget\" data-widget_type=\"google_maps.default\">\n\t\t\t\t<div class=\"elementor-widget-container\">\n\t\t\t\t\t\t\t<div class=\"elementor-custom-embed\">\n\t\t\t<iframe loading=\"lazy\"\n\t\t\t\t\tsrc=\"https:\/\/maps.google.com\/maps?q=NORAKER&#038;t=m&#038;z=14&#038;output=embed&#038;iwloc=near\"\n\t\t\t\t\ttitle=\"NORAKER\"\n\t\t\t\t\taria-label=\"NORAKER\"\n\t\t\t><\/iframe>\n\t\t<\/div>\n\t\t\t\t\t\t<\/div>\n\t\t\t\t<\/div>\n\t\t\t\t\t<\/div>\n\t\t<\/div>\n\t\t\t\t<div class=\"elementor-column elementor-col-50 elementor-top-column elementor-element elementor-element-8fad50f\" data-id=\"8fad50f\" data-element_type=\"column\" data-e-type=\"column\">\n\t\t\t<div class=\"elementor-widget-wrap elementor-element-populated\">\n\t\t\t\t\t\t<div class=\"elementor-element elementor-element-db6bacd elementor-widget elementor-widget-text-editor\" data-id=\"db6bacd\" data-element_type=\"widget\" data-e-type=\"widget\" data-widget_type=\"text-editor.default\">\n\t\t\t\t<div class=\"elementor-widget-container\">\n\t\t\t\t\t\t\t\t\t<p>Vous \u00eates professionnel de sant\u00e9, distributeur ou patient ;\u00a0 chacun a le droit \u00e0 son information personnalis\u00e9e, n\u2019h\u00e9sitez pas \u00e0 nous contacter :<\/p>\t\t\t\t\t\t\t\t<\/div>\n\t\t\t\t<\/div>\n\t\t\t\t<div class=\"elementor-element elementor-element-39de191 elementor-widget elementor-widget-shortcode\" data-id=\"39de191\" data-element_type=\"widget\" data-e-type=\"widget\" data-widget_type=\"shortcode.default\">\n\t\t\t\t<div class=\"elementor-widget-container\">\n\t\t\t\t\t\t\t<div class=\"elementor-shortcode\">\n<div class=\"wpcf7 no-js\" id=\"wpcf7-f588-o1\" lang=\"fr-FR\" dir=\"ltr\" data-wpcf7-id=\"588\">\n<div class=\"screen-reader-response\"><p role=\"status\" aria-live=\"polite\" aria-atomic=\"true\"><\/p> <ul><\/ul><\/div>\n<form action=\"\/fr\/wp-json\/wp\/v2\/pages\/51#wpcf7-f588-o1\" method=\"post\" class=\"wpcf7-form init\" aria-label=\"Formulaire de contact\" novalidate=\"novalidate\" data-status=\"init\">\n<fieldset class=\"hidden-fields-container\"><input type=\"hidden\" name=\"_wpcf7\" value=\"588\" \/><input type=\"hidden\" name=\"_wpcf7_version\" value=\"6.1.5\" \/><input type=\"hidden\" name=\"_wpcf7_locale\" value=\"fr_FR\" \/><input type=\"hidden\" name=\"_wpcf7_unit_tag\" value=\"wpcf7-f588-o1\" \/><input type=\"hidden\" name=\"_wpcf7_container_post\" value=\"0\" \/><input type=\"hidden\" name=\"_wpcf7_posted_data_hash\" value=\"\" \/><input type=\"hidden\" name=\"_wpcf7_recaptcha_response\" value=\"\" \/>\n<\/fieldset>\n<div class=\"form_message\">\n\t<p><span class=\"wpcf7-form-control-wrap\" data-name=\"nom\"><input size=\"40\" maxlength=\"400\" class=\"wpcf7-form-control wpcf7-text wpcf7-validates-as-required\" aria-required=\"true\" aria-invalid=\"false\" placeholder=\"Nom*\" value=\"\" type=\"text\" name=\"nom\" \/><\/span>\n\t<\/p>\n<\/div>\n<div class=\"form_message\">\n\t<p><span class=\"wpcf7-form-control-wrap\" data-name=\"prenom\"><input size=\"40\" maxlength=\"400\" class=\"wpcf7-form-control wpcf7-text wpcf7-validates-as-required\" aria-required=\"true\" aria-invalid=\"false\" placeholder=\"Pr\u00e9nom*\" value=\"\" type=\"text\" name=\"prenom\" \/><\/span>\n\t<\/p>\n<\/div>\n<div class=\"form_message\">\n\t<p><span class=\"wpcf7-form-control-wrap\" data-name=\"societe\"><input size=\"40\" maxlength=\"400\" class=\"wpcf7-form-control wpcf7-text wpcf7-validates-as-required\" aria-required=\"true\" aria-invalid=\"false\" placeholder=\"Soci\u00e9t\u00e9*\" value=\"\" type=\"text\" name=\"societe\" \/><\/span>\n\t<\/p>\n<\/div>\n<div class=\"form_message\">\n\t<p><span class=\"wpcf7-form-control-wrap\" data-name=\"email\"><input size=\"40\" maxlength=\"400\" class=\"wpcf7-form-control wpcf7-email wpcf7-validates-as-required wpcf7-text wpcf7-validates-as-email\" aria-required=\"true\" aria-invalid=\"false\" placeholder=\"E-mail*\" value=\"\" type=\"email\" name=\"email\" \/><\/span>\n\t<\/p>\n<\/div>\n<div class=\"form_message\">\n\t<p><span class=\"wpcf7-form-control-wrap\" data-name=\"tel\"><input size=\"40\" maxlength=\"400\" class=\"wpcf7-form-control wpcf7-tel wpcf7-text wpcf7-validates-as-tel\" aria-invalid=\"false\" placeholder=\"T\u00e9l\u00e9phone\" value=\"\" type=\"tel\" name=\"tel\" \/><\/span>\n\t<\/p>\n<\/div>\n<div class=\"form_message\">\n\t<p><span class=\"wpcf7-form-control-wrap\" data-name=\"fonction\"><input size=\"40\" maxlength=\"400\" class=\"wpcf7-form-control wpcf7-text\" aria-invalid=\"false\" placeholder=\"Fonction\" value=\"\" type=\"text\" name=\"fonction\" \/><\/span>\n\t<\/p>\n<\/div>\n<div class=\"form_message\">\n\t<p><span class=\"wpcf7-form-control-wrap\" data-name=\"message\"><textarea cols=\"40\" rows=\"10\" maxlength=\"2000\" class=\"wpcf7-form-control wpcf7-textarea wpcf7-validates-as-required\" aria-required=\"true\" aria-invalid=\"false\" placeholder=\"Message*\" name=\"message\"><\/textarea><\/span>\n\t<\/p>\n<\/div>\n<div class=\"form_message text_rgpd\">\n\t<p><span class=\"wpcf7-form-control-wrap\" data-name=\"acceptance-276\"><span class=\"wpcf7-form-control wpcf7-acceptance\"><span class=\"wpcf7-list-item\"><label><input type=\"checkbox\" name=\"acceptance-276\" value=\"1\" aria-invalid=\"false\" \/><span class=\"wpcf7-list-item-label\">Le responsable de traitement est Noraker -  60 avenue Rockefeller 69008 Lyon - France repr\u00e9sent\u00e9 par C\u00e9line BAQUE SAINT OLIVE (C.E.O. Noraker).  Les informations re\u00e7ues font l\u2019objet d\u2019un traitement informatique destin\u00e9 \u00e0 apporter une r\u00e9ponse \u00e0 votre demande de contact et est fond\u00e9 sur l\u2019int\u00e9r\u00eat l\u00e9gitime de la soci\u00e9t\u00e9 \u00e0 r\u00e9pondre aux demandes re\u00e7ues.<br \/>Le destinataire des donn\u00e9es est le service commercial.<br \/>Les donn\u00e9es \u00e0 caract\u00e8re personnel sont conserv\u00e9es en fonction de la nature de votre demande (pour plus de pr\u00e9cisions se r\u00e9f\u00e9rer au DPO \u00e0 l'adresse suivante : <a href=\"mailto:dpo@noraker.com\">dpo@noraker.com<\/a>)<br \/>Vous pouvez exercer vos droits d\u2019acc\u00e8s, d\u2019effacement, d\u2019opposition, de rectification et de limitation du traitement. Vous disposez \u00e9galement du droit de d\u00e9finir des directives sur le sort de vos donn\u00e9es apr\u00e8s votre d\u00e9c\u00e8s.<br \/>Pour exercer ces droits ou pour toute question, vous pouvez contacter le DPO \u00e0 l\u2019adresse suivante : <a href=\"mailto:dpo@noraker.com\">dpo@noraker.com<\/a><br \/> Si vous estimez que vos droits ne sont pas respect\u00e9s, vous pouvez saisir l\u2019autorit\u00e9 de contr\u00f4le, la CNIL (<a href=\"https:\/\/www.cnil.fr\/\" target=\"_blank\">www.cnil.fr<\/a>)<\/span><\/label><\/span><\/span><\/span>\n\t<\/p>\n<\/div>\n<div class=\"form_message\">\n\t<p class=\"text_obligatoire\">Les r\u00e9ponses aux questions pr\u00e9c\u00e9d\u00e9es par * sont \u00e0 renseigner obligatoirement.\n\t<\/p>\n<\/div>\n\n<div class=\"form_message\">\n\t<p><input class=\"wpcf7-form-control wpcf7-submit has-spinner w-btn style_solid color_blue\" type=\"submit\" value=\"Envoyer\" \/>\n\t<\/p>\n<\/div><div class=\"wpcf7-response-output\" aria-hidden=\"true\"><\/div>\n<\/form>\n<\/div>\n<\/div>\n\t\t\t\t\t\t<\/div>\n\t\t\t\t<\/div>\n\t\t\t\t\t<\/div>\n\t\t<\/div>\n\t\t\t\t\t<\/div>\n\t\t<\/section>\n\t\t\t\t<section class=\"elementor-section elementor-top-section elementor-element elementor-element-31f271e elementor-section-height-min-height elementor-section-boxed elementor-section-height-default elementor-section-items-middle\" data-id=\"31f271e\" data-element_type=\"section\" data-e-type=\"section\" data-settings=\"{&quot;background_background&quot;:&quot;classic&quot;}\">\n\t\t\t\t\t\t<div class=\"elementor-container elementor-column-gap-default\">\n\t\t\t\t\t<div class=\"elementor-column elementor-col-100 elementor-top-column elementor-element elementor-element-176437f\" data-id=\"176437f\" data-element_type=\"column\" data-e-type=\"column\">\n\t\t\t<div class=\"elementor-widget-wrap elementor-element-populated\">\n\t\t\t\t\t\t<div class=\"elementor-element elementor-element-884bb15 no-margin elementor-widget elementor-widget-text-editor\" data-id=\"884bb15\" data-element_type=\"widget\" data-e-type=\"widget\" data-widget_type=\"text-editor.default\">\n\t\t\t\t<div class=\"elementor-widget-container\">\n\t\t\t\t\t\t\t\t\t<p><em>En tant que soci\u00e9t\u00e9 innovante,<br \/>NORAKER n\u2019est pas repr\u00e9sent\u00e9e dans toutes les r\u00e9gions du monde.<br \/>Si vous portez de l\u2019int\u00e9r\u00eat \u00e0 nos produits,<br \/>n\u2019h\u00e9sitez pas \u00e0 nous contacter.<\/em><\/p>\t\t\t\t\t\t\t\t<\/div>\n\t\t\t\t<\/div>\n\t\t\t\t\t<\/div>\n\t\t<\/div>\n\t\t\t\t\t<\/div>\n\t\t<\/section>\n\t\t\t\t<\/div>\n\t\t","protected":false},"excerpt":{"rendered":"<p>contact contact@noraker.com +33 (0)4 78 93 30 92 60 avenue Rockefeller 69008 LYON Vous \u00eates professionnel de sant\u00e9, distributeur ou patient ;\u00a0 chacun a le droit \u00e0 son information personnalis\u00e9e, n\u2019h\u00e9sitez pas \u00e0 nous contacter : En tant que soci\u00e9t\u00e9 innovante,NORAKER n\u2019est pas repr\u00e9sent\u00e9e dans toutes les r\u00e9gions du monde.Si vous portez de l\u2019int\u00e9r\u00eat \u00e0 [&hellip;]<\/p>\n","protected":false},"author":1,"featured_media":0,"parent":0,"menu_order":0,"comment_status":"closed","ping_status":"closed","template":"","meta":{"site-sidebar-layout":"no-sidebar","site-content-layout":"page-builder","ast-site-content-layout":"default","site-content-style":"default","site-sidebar-style":"default","ast-global-header-display":"","ast-banner-title-visibility":"","ast-main-header-display":"","ast-hfb-above-header-display":"","ast-hfb-below-header-display":"","ast-hfb-mobile-header-display":"","site-post-title":"disabled","ast-breadcrumbs-content":"","ast-featured-img":"disabled","footer-sml-layout":"","ast-disable-related-posts":"","theme-transparent-header-meta":"default","adv-header-id-meta":"","stick-header-meta":"","header-above-stick-meta":"","header-main-stick-meta":"","header-below-stick-meta":"","astra-migrate-meta-layouts":"default","ast-page-background-enabled":"default","ast-page-background-meta":{"desktop":{"background-color":"","background-image":"","background-repeat":"repeat","background-position":"center center","background-size":"auto","background-attachment":"scroll","background-type":"","background-media":"","overlay-type":"","overlay-color":"","overlay-opacity":"","overlay-gradient":""},"tablet":{"background-color":"","background-image":"","background-repeat":"repeat","background-position":"center center","background-size":"auto","background-attachment":"scroll","background-type":"","background-media":"","overlay-type":"","overlay-color":"","overlay-opacity":"","overlay-gradient":""},"mobile":{"background-color":"","background-image":"","background-repeat":"repeat","background-position":"center center","background-size":"auto","background-attachment":"scroll","background-type":"","background-media":"","overlay-type":"","overlay-color":"","overlay-opacity":"","overlay-gradient":""}},"ast-content-background-meta":{"desktop":{"background-color":"var(--ast-global-color-5)","background-image":"","background-repeat":"repeat","background-position":"center center","background-size":"auto","background-attachment":"scroll","background-type":"","background-media":"","overlay-type":"","overlay-color":"","overlay-opacity":"","overlay-gradient":""},"tablet":{"background-color":"var(--ast-global-color-5)","background-image":"","background-repeat":"repeat","background-position":"center center","background-size":"auto","background-attachment":"scroll","background-type":"","background-media":"","overlay-type":"","overlay-color":"","overlay-opacity":"","overlay-gradient":""},"mobile":{"background-color":"var(--ast-global-color-5)","background-image":"","background-repeat":"repeat","background-position":"center center","background-size":"auto","background-attachment":"scroll","background-type":"","background-media":"","overlay-type":"","overlay-color":"","overlay-opacity":"","overlay-gradient":""}},"footnotes":""},"class_list":["post-51","page","type-page","status-publish","hentry"],"yoast_head":"<!-- This site is optimized with the Yoast SEO plugin v27.0 - https:\/\/yoast.com\/product\/yoast-seo-wordpress\/ -->\n<title>Contact - Noraker<\/title>\n<meta name=\"robots\" content=\"index, follow, max-snippet:-1, max-image-preview:large, max-video-preview:-1\" \/>\n<link rel=\"canonical\" href=\"https:\/\/noraker.com\/fr\/contact\/\" \/>\n<meta property=\"og:locale\" content=\"fr_FR\" \/>\n<meta property=\"og:type\" content=\"article\" \/>\n<meta property=\"og:title\" content=\"Contact - Noraker\" \/>\n<meta property=\"og:description\" content=\"contact contact@noraker.com +33 (0)4 78 93 30 92 60 avenue Rockefeller 69008 LYON Vous \u00eates professionnel de sant\u00e9, distributeur ou patient ;\u00a0 chacun a le droit \u00e0 son information personnalis\u00e9e, n\u2019h\u00e9sitez pas \u00e0 nous contacter : En tant que soci\u00e9t\u00e9 innovante,NORAKER n\u2019est pas repr\u00e9sent\u00e9e dans toutes les r\u00e9gions du monde.Si vous portez de l\u2019int\u00e9r\u00eat \u00e0 [&hellip;]\" \/>\n<meta property=\"og:url\" content=\"https:\/\/noraker.com\/fr\/contact\/\" \/>\n<meta property=\"og:site_name\" content=\"Noraker\" \/>\n<meta property=\"article:modified_time\" content=\"2026-03-19T14:14:53+00:00\" \/>\n<meta name=\"twitter:card\" content=\"summary_large_image\" \/>\n<meta name=\"twitter:label1\" content=\"Dur\u00e9e de lecture estim\u00e9e\" \/>\n\t<meta name=\"twitter:data1\" content=\"1 minute\" \/>\n<script type=\"application\/ld+json\" class=\"yoast-schema-graph\">{\"@context\":\"https:\/\/schema.org\",\"@graph\":[{\"@type\":\"WebPage\",\"@id\":\"https:\/\/noraker.com\/fr\/contact\/\",\"url\":\"https:\/\/noraker.com\/fr\/contact\/\",\"name\":\"Contact - Noraker\",\"isPartOf\":{\"@id\":\"https:\/\/noraker.com\/en\/#website\"},\"datePublished\":\"2020-12-16T09:26:18+00:00\",\"dateModified\":\"2026-03-19T14:14:53+00:00\",\"breadcrumb\":{\"@id\":\"https:\/\/noraker.com\/fr\/contact\/#breadcrumb\"},\"inLanguage\":\"fr-FR\",\"potentialAction\":[{\"@type\":\"ReadAction\",\"target\":[\"https:\/\/noraker.com\/fr\/contact\/\"]}]},{\"@type\":\"BreadcrumbList\",\"@id\":\"https:\/\/noraker.com\/fr\/contact\/#breadcrumb\",\"itemListElement\":[{\"@type\":\"ListItem\",\"position\":1,\"name\":\"Home\",\"item\":\"https:\/\/noraker.com\/fr\/\"},{\"@type\":\"ListItem\",\"position\":2,\"name\":\"Contact\"}]},{\"@type\":\"WebSite\",\"@id\":\"https:\/\/noraker.com\/en\/#website\",\"url\":\"https:\/\/noraker.com\/en\/\",\"name\":\"Noraker\",\"description\":\"\",\"publisher\":{\"@id\":\"https:\/\/noraker.com\/en\/#organization\"},\"potentialAction\":[{\"@type\":\"SearchAction\",\"target\":{\"@type\":\"EntryPoint\",\"urlTemplate\":\"https:\/\/noraker.com\/en\/?s={search_term_string}\"},\"query-input\":{\"@type\":\"PropertyValueSpecification\",\"valueRequired\":true,\"valueName\":\"search_term_string\"}}],\"inLanguage\":\"fr-FR\"},{\"@type\":\"Organization\",\"@id\":\"https:\/\/noraker.com\/en\/#organization\",\"name\":\"Noraker\",\"url\":\"https:\/\/noraker.com\/en\/\",\"logo\":{\"@type\":\"ImageObject\",\"inLanguage\":\"fr-FR\",\"@id\":\"https:\/\/noraker.com\/en\/#\/schema\/logo\/image\/\",\"url\":\"https:\/\/noraker.com\/wp-content\/uploads\/2020\/12\/noraker-logo.png\",\"contentUrl\":\"https:\/\/noraker.com\/wp-content\/uploads\/2020\/12\/noraker-logo.png\",\"width\":599,\"height\":186,\"caption\":\"Noraker\"},\"image\":{\"@id\":\"https:\/\/noraker.com\/en\/#\/schema\/logo\/image\/\"}}]}<\/script>\n<!-- \/ Yoast SEO plugin. -->","yoast_head_json":{"title":"Contact - Noraker","robots":{"index":"index","follow":"follow","max-snippet":"max-snippet:-1","max-image-preview":"max-image-preview:large","max-video-preview":"max-video-preview:-1"},"canonical":"https:\/\/noraker.com\/fr\/contact\/","og_locale":"fr_FR","og_type":"article","og_title":"Contact - Noraker","og_description":"contact contact@noraker.com +33 (0)4 78 93 30 92 60 avenue Rockefeller 69008 LYON Vous \u00eates professionnel de sant\u00e9, distributeur ou patient ;\u00a0 chacun a le droit \u00e0 son information personnalis\u00e9e, n\u2019h\u00e9sitez pas \u00e0 nous contacter : En tant que soci\u00e9t\u00e9 innovante,NORAKER n\u2019est pas repr\u00e9sent\u00e9e dans toutes les r\u00e9gions du monde.Si vous portez de l\u2019int\u00e9r\u00eat \u00e0 [&hellip;]","og_url":"https:\/\/noraker.com\/fr\/contact\/","og_site_name":"Noraker","article_modified_time":"2026-03-19T14:14:53+00:00","twitter_card":"summary_large_image","twitter_misc":{"Dur\u00e9e de lecture estim\u00e9e":"1 minute"},"schema":{"@context":"https:\/\/schema.org","@graph":[{"@type":"WebPage","@id":"https:\/\/noraker.com\/fr\/contact\/","url":"https:\/\/noraker.com\/fr\/contact\/","name":"Contact - Noraker","isPartOf":{"@id":"https:\/\/noraker.com\/en\/#website"},"datePublished":"2020-12-16T09:26:18+00:00","dateModified":"2026-03-19T14:14:53+00:00","breadcrumb":{"@id":"https:\/\/noraker.com\/fr\/contact\/#breadcrumb"},"inLanguage":"fr-FR","potentialAction":[{"@type":"ReadAction","target":["https:\/\/noraker.com\/fr\/contact\/"]}]},{"@type":"BreadcrumbList","@id":"https:\/\/noraker.com\/fr\/contact\/#breadcrumb","itemListElement":[{"@type":"ListItem","position":1,"name":"Home","item":"https:\/\/noraker.com\/fr\/"},{"@type":"ListItem","position":2,"name":"Contact"}]},{"@type":"WebSite","@id":"https:\/\/noraker.com\/en\/#website","url":"https:\/\/noraker.com\/en\/","name":"Noraker","description":"","publisher":{"@id":"https:\/\/noraker.com\/en\/#organization"},"potentialAction":[{"@type":"SearchAction","target":{"@type":"EntryPoint","urlTemplate":"https:\/\/noraker.com\/en\/?s={search_term_string}"},"query-input":{"@type":"PropertyValueSpecification","valueRequired":true,"valueName":"search_term_string"}}],"inLanguage":"fr-FR"},{"@type":"Organization","@id":"https:\/\/noraker.com\/en\/#organization","name":"Noraker","url":"https:\/\/noraker.com\/en\/","logo":{"@type":"ImageObject","inLanguage":"fr-FR","@id":"https:\/\/noraker.com\/en\/#\/schema\/logo\/image\/","url":"https:\/\/noraker.com\/wp-content\/uploads\/2020\/12\/noraker-logo.png","contentUrl":"https:\/\/noraker.com\/wp-content\/uploads\/2020\/12\/noraker-logo.png","width":599,"height":186,"caption":"Noraker"},"image":{"@id":"https:\/\/noraker.com\/en\/#\/schema\/logo\/image\/"}}]}},"_links":{"self":[{"href":"https:\/\/noraker.com\/fr\/wp-json\/wp\/v2\/pages\/51","targetHints":{"allow":["GET"]}}],"collection":[{"href":"https:\/\/noraker.com\/fr\/wp-json\/wp\/v2\/pages"}],"about":[{"href":"https:\/\/noraker.com\/fr\/wp-json\/wp\/v2\/types\/page"}],"author":[{"embeddable":true,"href":"https:\/\/noraker.com\/fr\/wp-json\/wp\/v2\/users\/1"}],"replies":[{"embeddable":true,"href":"https:\/\/noraker.com\/fr\/wp-json\/wp\/v2\/comments?post=51"}],"version-history":[{"count":46,"href":"https:\/\/noraker.com\/fr\/wp-json\/wp\/v2\/pages\/51\/revisions"}],"predecessor-version":[{"id":8232,"href":"https:\/\/noraker.com\/fr\/wp-json\/wp\/v2\/pages\/51\/revisions\/8232"}],"wp:attachment":[{"href":"https:\/\/noraker.com\/fr\/wp-json\/wp\/v2\/media?parent=51"}],"curies":[{"name":"wp","href":"https:\/\/api.w.org\/{rel}","templated":true}]}}