{"id":53,"date":"2020-12-16T10:26:29","date_gmt":"2020-12-16T09:26:29","guid":{"rendered":"https:\/\/noraker.com\/noraker\/?page_id=53"},"modified":"2022-06-17T13:45:03","modified_gmt":"2022-06-17T11:45:03","slug":"mentions-legales","status":"publish","type":"page","link":"https:\/\/noraker.com\/fr\/mentions-legales\/","title":{"rendered":"Mentions l\u00e9gales"},"content":{"rendered":"\t\t<div data-elementor-type=\"wp-page\" data-elementor-id=\"53\" class=\"elementor elementor-53\" data-elementor-post-type=\"page\">\n\t\t\t\t\t\t<section class=\"elementor-section elementor-top-section elementor-element elementor-element-0ad4f76 elementor-section-height-min-height elementor-section-boxed elementor-section-height-default elementor-section-items-middle\" data-id=\"0ad4f76\" data-element_type=\"section\" data-e-type=\"section\">\n\t\t\t\t\t\t<div class=\"elementor-container elementor-column-gap-default\">\n\t\t\t\t\t<div class=\"elementor-column elementor-col-100 elementor-top-column elementor-element elementor-element-d8a969c\" data-id=\"d8a969c\" data-element_type=\"column\" data-e-type=\"column\">\n\t\t\t<div class=\"elementor-widget-wrap elementor-element-populated\">\n\t\t\t\t\t\t<div class=\"elementor-element elementor-element-08c999b elementor-widget elementor-widget-heading\" data-id=\"08c999b\" data-element_type=\"widget\" data-e-type=\"widget\" data-widget_type=\"heading.default\">\n\t\t\t\t<div class=\"elementor-widget-container\">\n\t\t\t\t\t<h1 class=\"elementor-heading-title elementor-size-default\">MENTIONS L\u00c9GALES<\/h1>\t\t\t\t<\/div>\n\t\t\t\t<\/div>\n\t\t\t\t<div class=\"elementor-element elementor-element-f12b764 elementor-widget-divider--view-line elementor-widget elementor-widget-divider\" data-id=\"f12b764\" data-element_type=\"widget\" data-e-type=\"widget\" data-widget_type=\"divider.default\">\n\t\t\t\t<div class=\"elementor-widget-container\">\n\t\t\t\t\t\t\t<div class=\"elementor-divider\">\n\t\t\t<span class=\"elementor-divider-separator\">\n\t\t\t\t\t\t<\/span>\n\t\t<\/div>\n\t\t\t\t\t\t<\/div>\n\t\t\t\t<\/div>\n\t\t\t\t\t<\/div>\n\t\t<\/div>\n\t\t\t\t\t<\/div>\n\t\t<\/section>\n\t\t\t\t<section class=\"elementor-section elementor-top-section elementor-element elementor-element-55d6735 elementor-section-boxed elementor-section-height-default elementor-section-height-default\" data-id=\"55d6735\" data-element_type=\"section\" data-e-type=\"section\">\n\t\t\t\t\t\t<div class=\"elementor-container elementor-column-gap-default\">\n\t\t\t\t\t<div class=\"elementor-column elementor-col-100 elementor-top-column elementor-element elementor-element-3e13cb3\" data-id=\"3e13cb3\" data-element_type=\"column\" data-e-type=\"column\">\n\t\t\t<div class=\"elementor-widget-wrap elementor-element-populated\">\n\t\t\t\t\t\t<div class=\"elementor-element elementor-element-150e28f elementor-widget elementor-widget-text-editor\" data-id=\"150e28f\" data-element_type=\"widget\" data-e-type=\"widget\" data-widget_type=\"text-editor.default\">\n\t\t\t\t<div class=\"elementor-widget-container\">\n\t\t\t\t\t\t\t\t\t<p><b>Direction \u00e9ditoriale<\/b><\/p>\n<div class=\"semi_left\">\n<p class=\"mentions\">NORAKER<br>60 avenue Rockefeller<br>69008 LYON<br>T\u00e9l : +33 (0) 4 78 93 30 92<br>Fax : +33 (0) 4 72 35 94 37<br>E-mail :&nbsp;<a href=\"mailto:contact@noraker.com\" target=\"_blank\" style=\"font-size: 15px; font-family: var( --e-global-typography-text-font-family ), Sans-serif; background-color: rgb(255, 255, 255);\">contact@noraker.com<\/a><\/p>\n<p><b class=\"green_acti\">Conception &amp; web-design<\/b><br>SYNTHES\u20193D<br>1 Rue Mahatma GANDHI<br>Le D\u00e9cisium \u2013 B\u00e2t C1<br>13 090 Aix-en-Provence \u2013 France<br>E-mail :&nbsp;<a href=\"mailto:contact@synthes3d.com\" target=\"_blank\" style=\"font-size: 15px; font-family: var( --e-global-typography-text-font-family ), Sans-serif; background-color: rgb(255, 255, 255);\">contact@synthes3d.com<\/a><\/p>\n<p><b class=\"green_acti\">H\u00e9bergement<\/b><br>OVH<br>RCS Roubaix \u2013 Tourcoing 424 761 419 00045<br>Code APE 6202A<br>N\u00b0 TVA : FR 22 424 761 419<br>Si\u00e8ge social : 2 rue Kellermann \u2013 59100 Roubaix \u2013 France<\/p>\n<p><b class=\"green_acti\">COPYRIGHTS<\/b><br>Les informations g\u00e9n\u00e9rales du site www.noraker.com sont destin\u00e9es aux professionnels de sant\u00e9 et au grand public. Les informations \u00e0 caract\u00e8res promotionnelles sont \u00e0 destination des professionnels de sant\u00e9 uniquement.<\/p>\n<p><b class=\"green_acti\">DROIT DE PROPRIETE INTELLECTUELLE<\/b><br>La pr\u00e9sentation et le contenu du pr\u00e9sent site constituent, ensemble, une \u0153uvre prot\u00e9g\u00e9e par les lois en vigueur sur la propri\u00e9t\u00e9 intellectuelle, dont Noraker est titulaire. L\u2019usage ou la reproduction, m\u00eame partielle, des textes, photos ou graphismes qu\u2019il contient sont interdits sans l\u2019accord pr\u00e9alable et \u00e9crit de Noraker, et seraient susceptibles d\u2019en constituer la contrefa\u00e7on. De m\u00eame, toute reproduction, repr\u00e9sentation, adaptation, traduction, et ou modification, partielle ou int\u00e9grale, ou transfert vers un autre site sont interdits.<br>Conform\u00e9ment \u00e0 l\u2019article L.122-4 du Code de la Propri\u00e9t\u00e9 Intellectuelle, \u00ab toute repr\u00e9sentation ou reproduction int\u00e9grale ou partielle faite sans le consentement de l\u2019auteur ou de ses ayants-droit ou ayants-cause est illicite.Il en est de m\u00eame pour la traduction, l\u2019adaptation ou la transformation, l\u2019arrangement ou la reproduction par un art ou un proc\u00e9d\u00e9 quelconque \u00bb.<br>Noraker rappelle que les \u00e9l\u00e9ments figurant sur ce site peuvent \u00eatre consult\u00e9s librement \u00e0 des fins priv\u00e9es, ou d\u2019information, ou p\u00e9dagogiques. Toutes autres formes d\u2019exploitation de ceux-ci constitueraient des actes de contrefa\u00e7on des droits de leurs auteurs, pr\u00e9vus et r\u00e9prim\u00e9s par les articles L335-4 et suivants du Code de la Propri\u00e9t\u00e9 Intellectuelle.<br>Conform\u00e9ment \u00e0 l\u2019article L342-1 du Code de la Propri\u00e9t\u00e9 Intellectuelle, Noraker interdit l\u2019extraction par transfert permanent ou temporaire sur tous supports, par tous moyens, et sous quelque forme que ce soit de la totalit\u00e9 ou d\u2019une partie substantielle du contenu de ce site, sauf si ces op\u00e9rations sont effectu\u00e9es \u00e0 des fins purement priv\u00e9es, ou d\u2019information, ou p\u00e9dagogiques. Il interdit aussi la r\u00e9utilisation, par la mise \u00e0 disposition du public quelle qu\u2019en soit la forme, de la totalit\u00e9 ou d\u2019une partie seulement du contenu de ce site ou de chacun des \u00e9l\u00e9ments le constituant.<\/p>\n<p><b>PRODUITS<\/b><br>Toute r\u00e9f\u00e9rence \u00e0 un produit ou service de Noraker qui serait donn\u00e9e sur le Site n\u2019implique pas que celui-ci est ou sera disponible dans le pays de l\u2019Utilisateur o\u00f9 il peut \u00eatre soumis \u00e0 des r\u00e9glementations et conditions d\u2019utilisation diff\u00e9rentes. Cette r\u00e9f\u00e9rence n\u2019implique aucune intention de la part de Noraker de vendre ce produit ou service dans le pays de l\u2019Utilisateur. Il appartient \u00e0 l\u2019Utilisateur de se fonder seulement sur les informations relatives aux produits qui auront \u00e9t\u00e9 cr\u00e9\u00e9es sp\u00e9cialement pour son pays.<\/p>\n<p><b>CREDITS PHOTOS<\/b><br>Tous droits r\u00e9serv\u00e9s pour les photographies illustrant ce site.<\/p>\n<\/div>\n<div class=\"semi_right\">\n<p class=\"mentions\"><b>SANS GARANTIE<\/b><br>Le site web, les informations et fonctionnalit\u00e9s propos\u00e9es correspondent aux r\u00e8gles l\u00e9gales en vigueur. Cependant, son utilisation se fait sous votre propre responsabilit\u00e9. Noraker et ses affili\u00e9s et partenaires ne garantissent en aucun cas l\u2019exactitude, la valeur commerciale, la qualit\u00e9 ou la non contrefa\u00e7on d\u2019une information publi\u00e9e sur le site web ou disponible gr\u00e2ce \u00e0 ce site.<br>De plus, Noraker, ses affili\u00e9s et ses partenaires, ne peuvent apporter la garantie que le serveur qui rend le site web accessible soit prot\u00e9g\u00e9 de tout virus susceptible de causer des dommages, d\u2019infecter ou de d\u00e9truire votre installation informatique ou toute autre installation d\u00e8s lors que vous acc\u00e9dez \u00e0 ce site web, que vous t\u00e9l\u00e9chargez un document, ou faites appel \u00e0 quelque autre fonctionnalit\u00e9 du site.<br>Conform\u00e9ment \u00e0 la loi, Noraker, ses affili\u00e9s et ses partenaires ne pourront, en aucune fa\u00e7on, \u00eatre tenues pour responsables des dommages directs ou indirects, accidentels ou non, cons\u00e9cutifs \u00e0 l\u2019utilisation, bonne ou mauvaise, du site web. Pareillement, Noraker, ses affili\u00e9s et ses partenaires ne pourront en aucune fa\u00e7on, \u00eatre tenues responsables des dommages directs ou indirects caus\u00e9s par des erreurs ou omissions constat\u00e9es sur ce site web, dans les informations communiqu\u00e9es parmi les fonctionnalit\u00e9s propos\u00e9es.<br>Noraker, ses affili\u00e9s et ses partenaires se r\u00e9servent le droit de modifier, ajouter, supprimer les termes et conditions d\u2019utilisation \u00e0 tout moment sans pr\u00e9avis. Ces changements s\u2019appliqueront d\u00e8s leur publication sur le site.La consultation du site une fois ces changements effectu\u00e9s implique automatiquement leur acceptation. Noraker se r\u00e9serve \u00e9galement le droit de modifier, ajouter ou supprimer tout ou partie du contenu ou des fonctionnalit\u00e9s du site \u00e0 tout moment sans avertissement pr\u00e9alable et sans que la responsabilit\u00e9 de Noraker, ses affili\u00e9s et ses partenaires soit mise en causes sans \u00eatre tenu responsable par le visiteur du site.<\/p>\n<p><b class=\"green_acti\">DONNEES PERSONNELLES<\/b><br>Les fichiers de traitement de donn\u00e9es Noraker sont d\u00e9clar\u00e9s et\/ou font l\u2019objet d\u2019une demande d\u2019autorisation aupr\u00e8s de la Commission Nationale de l\u2019Informatique et des Libert\u00e9s (CNIL) lorsque cela s\u2019av\u00e8re n\u00e9cessaire et obligatoire.<br>Le traitement des donn\u00e9es personnelles des Utilisateurs se fait dans le respect de la loi n\u00b0 78-17 du 6 janvier 1978 relative \u00e0 l\u2019informatique, aux fichiers et aux libert\u00e9s, telle que modifi\u00e9e par la loi n\u00b0 2004-801 du 6 ao\u00fbt 2004 relative \u00e0 la protection des personnes physiques \u00e0 l\u2019\u00e9gard des traitements de donn\u00e9es \u00e0 caract\u00e8re personnel.<br>Les informations \u00e9ventuellement recueillies sont strictement destin\u00e9es \u00e0 Noraker dans le but de constituer une liste des personnes int\u00e9ress\u00e9es par ses activit\u00e9s, et plus particuli\u00e8rement par celles du pr\u00e9sent site, et ne seront pas transmises \u00e0 des tiers.<br>Noraker ne collecte pas d\u2019information personnelle \u00e0 l\u2019insu de l\u2019Utilisateur.<br>Conform\u00e9ment aux articles 38 \u00e0 40 de la loi susmentionn\u00e9e, l\u2019Utilisateur dispose \u00e0 tout moment, gratuitement et sans motif, d\u2019un droit d\u2019acc\u00e8s, de modification, d\u2019opposition et de suppression quant aux donn\u00e9es personnelles le concernant. Il lui suffit de contacter Noraker en indiquant ses nom, pr\u00e9nom, adresse et mail par courrier \u00e0 contact@noraker.com.<\/p>\n<p><b class=\"green_acti\">PUBLICITE \u2013 ACCES RESERVE AUX PROFESSIONNELS DE SANTE<\/b><br>Conform\u00e9ment aux dispositions de la loi n\u00b0 2011-2012 du 29 d\u00e9cembre 2011 relative au renforcement de la s\u00e9curit\u00e9 sanitaire du m\u00e9dicament et des produits de sant\u00e9, certaines informations reproduites sur le Site ne peuvent \u00eatre destin\u00e9es au grand public.<br>La consultation des informations relatives aux dispositifs m\u00e9dicaux rembours\u00e9s est r\u00e9serv\u00e9e aux seuls professionnels de sant\u00e9. Afin de garantir le respect de la l\u00e9gislation en vigueur, le Site comporte un espace d\u00e9di\u00e9 aux Professionnels de Sant\u00e9 accessibles par eux apr\u00e8s cr\u00e9ation d\u2019un espace personnel.<br>En cr\u00e9ant un espace personnel qui lui donne acc\u00e8s \u00e0 des informations sur les dispositifs m\u00e9dicaux rembours\u00e9s de Noraker, le Professionnel de Sant\u00e9 s\u2019engage \u00e0 ne pas communiquer ou mettre \u00e0 disposition de telles informations \u00e0 toutes autres personnes autoris\u00e9es que celles pr\u00e9vues par le Code de la sant\u00e9 publique.<br>Ainsi, Noraker d\u00e9gage toute responsabilit\u00e9 pour les cas o\u00f9 :<br>\u2022 un Professionnel de Sant\u00e9 autoris\u00e9 \u00e0 acc\u00e9der \u00e0 l\u2019espace d\u00e9di\u00e9 aux professionnels de sant\u00e9 rendrait les informations d\u00e9livr\u00e9es sur le Site accessible \u00e0 toute personne tierce en violation des dispositions de la loi susvis\u00e9e ;<br>\u2022 une personne ne relevant pas de la cat\u00e9gorie des professionnels de sant\u00e9 mentionn\u00e9s dans le Code de la sant\u00e9 publique acc\u00e8derait frauduleusement \u00e0 l\u2019espace d\u00e9di\u00e9 et serait destinataire d\u2019informations relatives \u00e0 des dispositifs m\u00e9dicaux rembours\u00e9s.<\/p>\n<\/div>\t\t\t\t\t\t\t\t<\/div>\n\t\t\t\t<\/div>\n\t\t\t\t\t<\/div>\n\t\t<\/div>\n\t\t\t\t\t<\/div>\n\t\t<\/section>\n\t\t\t\t<\/div>\n\t\t","protected":false},"excerpt":{"rendered":"<p>MENTIONS L\u00c9GALES Direction \u00e9ditoriale NORAKER60 avenue Rockefeller69008 LYONT\u00e9l : +33 (0) 4 78 93 30 92Fax : +33 (0) 4 72 35 94 37E-mail :&nbsp;contact@noraker.com Conception &amp; web-designSYNTHES\u20193D1 Rue Mahatma GANDHILe D\u00e9cisium \u2013 B\u00e2t C113 090 Aix-en-Provence \u2013 FranceE-mail :&nbsp;contact@synthes3d.com H\u00e9bergementOVHRCS Roubaix \u2013 Tourcoing 424 761 419 00045Code APE 6202AN\u00b0 TVA : FR 22 424 [&hellip;]<\/p>\n","protected":false},"author":1,"featured_media":0,"parent":0,"menu_order":0,"comment_status":"closed","ping_status":"closed","template":"","meta":{"site-sidebar-layout":"no-sidebar","site-content-layout":"page-builder","ast-site-content-layout":"default","site-content-style":"default","site-sidebar-style":"default","ast-global-header-display":"","ast-banner-title-visibility":"","ast-main-header-display":"","ast-hfb-above-header-display":"","ast-hfb-below-header-display":"","ast-hfb-mobile-header-display":"","site-post-title":"disabled","ast-breadcrumbs-content":"","ast-featured-img":"disabled","footer-sml-layout":"","ast-disable-related-posts":"","theme-transparent-header-meta":"default","adv-header-id-meta":"","stick-header-meta":"","header-above-stick-meta":"","header-main-stick-meta":"","header-below-stick-meta":"","astra-migrate-meta-layouts":"default","ast-page-background-enabled":"default","ast-page-background-meta":{"desktop":{"background-color":"","background-image":"","background-repeat":"repeat","background-position":"center center","background-size":"auto","background-attachment":"scroll","background-type":"","background-media":"","overlay-type":"","overlay-color":"","overlay-opacity":"","overlay-gradient":""},"tablet":{"background-color":"","background-image":"","background-repeat":"repeat","background-position":"center center","background-size":"auto","background-attachment":"scroll","background-type":"","background-media":"","overlay-type":"","overlay-color":"","overlay-opacity":"","overlay-gradient":""},"mobile":{"background-color":"","background-image":"","background-repeat":"repeat","background-position":"center center","background-size":"auto","background-attachment":"scroll","background-type":"","background-media":"","overlay-type":"","overlay-color":"","overlay-opacity":"","overlay-gradient":""}},"ast-content-background-meta":{"desktop":{"background-color":"var(--ast-global-color-5)","background-image":"","background-repeat":"repeat","background-position":"center center","background-size":"auto","background-attachment":"scroll","background-type":"","background-media":"","overlay-type":"","overlay-color":"","overlay-opacity":"","overlay-gradient":""},"tablet":{"background-color":"var(--ast-global-color-5)","background-image":"","background-repeat":"repeat","background-position":"center center","background-size":"auto","background-attachment":"scroll","background-type":"","background-media":"","overlay-type":"","overlay-color":"","overlay-opacity":"","overlay-gradient":""},"mobile":{"background-color":"var(--ast-global-color-5)","background-image":"","background-repeat":"repeat","background-position":"center center","background-size":"auto","background-attachment":"scroll","background-type":"","background-media":"","overlay-type":"","overlay-color":"","overlay-opacity":"","overlay-gradient":""}},"footnotes":""},"class_list":["post-53","page","type-page","status-publish","hentry"],"yoast_head":"<!-- This site is optimized with the Yoast SEO plugin v27.0 - https:\/\/yoast.com\/product\/yoast-seo-wordpress\/ -->\n<title>Mentions l\u00e9gales - Noraker<\/title>\n<meta name=\"robots\" content=\"index, follow, max-snippet:-1, max-image-preview:large, max-video-preview:-1\" \/>\n<link rel=\"canonical\" href=\"https:\/\/noraker.com\/en\/legal-notices\/\" \/>\n<meta property=\"og:locale\" content=\"fr_FR\" \/>\n<meta property=\"og:type\" content=\"article\" \/>\n<meta property=\"og:title\" content=\"Mentions l\u00e9gales - Noraker\" \/>\n<meta property=\"og:description\" content=\"MENTIONS L\u00c9GALES Direction \u00e9ditoriale NORAKER60 avenue Rockefeller69008 LYONT\u00e9l : +33 (0) 4 78 93 30 92Fax : +33 (0) 4 72 35 94 37E-mail :&nbsp;contact@noraker.com Conception &amp; web-designSYNTHES\u20193D1 Rue Mahatma GANDHILe D\u00e9cisium \u2013 B\u00e2t C113 090 Aix-en-Provence \u2013 FranceE-mail :&nbsp;contact@synthes3d.com H\u00e9bergementOVHRCS Roubaix \u2013 Tourcoing 424 761 419 00045Code APE 6202AN\u00b0 TVA : FR 22 424 [&hellip;]\" \/>\n<meta property=\"og:url\" content=\"https:\/\/noraker.com\/en\/legal-notices\/\" \/>\n<meta property=\"og:site_name\" content=\"Noraker\" \/>\n<meta property=\"article:modified_time\" content=\"2022-06-17T11:45:03+00:00\" \/>\n<meta name=\"twitter:card\" content=\"summary_large_image\" \/>\n<meta name=\"twitter:label1\" content=\"Dur\u00e9e de lecture estim\u00e9e\" \/>\n\t<meta name=\"twitter:data1\" content=\"7 minutes\" \/>\n<script type=\"application\/ld+json\" class=\"yoast-schema-graph\">{\"@context\":\"https:\/\/schema.org\",\"@graph\":[{\"@type\":\"WebPage\",\"@id\":\"https:\/\/noraker.com\/en\/legal-notices\/\",\"url\":\"https:\/\/noraker.com\/en\/legal-notices\/\",\"name\":\"Mentions l\u00e9gales - Noraker\",\"isPartOf\":{\"@id\":\"https:\/\/noraker.com\/en\/#website\"},\"datePublished\":\"2020-12-16T09:26:29+00:00\",\"dateModified\":\"2022-06-17T11:45:03+00:00\",\"breadcrumb\":{\"@id\":\"https:\/\/noraker.com\/en\/legal-notices\/#breadcrumb\"},\"inLanguage\":\"fr-FR\",\"potentialAction\":[{\"@type\":\"ReadAction\",\"target\":[\"https:\/\/noraker.com\/en\/legal-notices\/\"]}]},{\"@type\":\"BreadcrumbList\",\"@id\":\"https:\/\/noraker.com\/en\/legal-notices\/#breadcrumb\",\"itemListElement\":[{\"@type\":\"ListItem\",\"position\":1,\"name\":\"Home\",\"item\":\"https:\/\/noraker.com\/fr\/\"},{\"@type\":\"ListItem\",\"position\":2,\"name\":\"Mentions l\u00e9gales\"}]},{\"@type\":\"WebSite\",\"@id\":\"https:\/\/noraker.com\/en\/#website\",\"url\":\"https:\/\/noraker.com\/en\/\",\"name\":\"Noraker\",\"description\":\"\",\"publisher\":{\"@id\":\"https:\/\/noraker.com\/en\/#organization\"},\"potentialAction\":[{\"@type\":\"SearchAction\",\"target\":{\"@type\":\"EntryPoint\",\"urlTemplate\":\"https:\/\/noraker.com\/en\/?s={search_term_string}\"},\"query-input\":{\"@type\":\"PropertyValueSpecification\",\"valueRequired\":true,\"valueName\":\"search_term_string\"}}],\"inLanguage\":\"fr-FR\"},{\"@type\":\"Organization\",\"@id\":\"https:\/\/noraker.com\/en\/#organization\",\"name\":\"Noraker\",\"url\":\"https:\/\/noraker.com\/en\/\",\"logo\":{\"@type\":\"ImageObject\",\"inLanguage\":\"fr-FR\",\"@id\":\"https:\/\/noraker.com\/en\/#\/schema\/logo\/image\/\",\"url\":\"https:\/\/noraker.com\/wp-content\/uploads\/2020\/12\/noraker-logo.png\",\"contentUrl\":\"https:\/\/noraker.com\/wp-content\/uploads\/2020\/12\/noraker-logo.png\",\"width\":599,\"height\":186,\"caption\":\"Noraker\"},\"image\":{\"@id\":\"https:\/\/noraker.com\/en\/#\/schema\/logo\/image\/\"}}]}<\/script>\n<!-- \/ Yoast SEO plugin. -->","yoast_head_json":{"title":"Mentions l\u00e9gales - Noraker","robots":{"index":"index","follow":"follow","max-snippet":"max-snippet:-1","max-image-preview":"max-image-preview:large","max-video-preview":"max-video-preview:-1"},"canonical":"https:\/\/noraker.com\/en\/legal-notices\/","og_locale":"fr_FR","og_type":"article","og_title":"Mentions l\u00e9gales - Noraker","og_description":"MENTIONS L\u00c9GALES Direction \u00e9ditoriale NORAKER60 avenue Rockefeller69008 LYONT\u00e9l : +33 (0) 4 78 93 30 92Fax : +33 (0) 4 72 35 94 37E-mail :&nbsp;contact@noraker.com Conception &amp; web-designSYNTHES\u20193D1 Rue Mahatma GANDHILe D\u00e9cisium \u2013 B\u00e2t C113 090 Aix-en-Provence \u2013 FranceE-mail :&nbsp;contact@synthes3d.com H\u00e9bergementOVHRCS Roubaix \u2013 Tourcoing 424 761 419 00045Code APE 6202AN\u00b0 TVA : FR 22 424 [&hellip;]","og_url":"https:\/\/noraker.com\/en\/legal-notices\/","og_site_name":"Noraker","article_modified_time":"2022-06-17T11:45:03+00:00","twitter_card":"summary_large_image","twitter_misc":{"Dur\u00e9e de lecture estim\u00e9e":"7 minutes"},"schema":{"@context":"https:\/\/schema.org","@graph":[{"@type":"WebPage","@id":"https:\/\/noraker.com\/en\/legal-notices\/","url":"https:\/\/noraker.com\/en\/legal-notices\/","name":"Mentions l\u00e9gales - Noraker","isPartOf":{"@id":"https:\/\/noraker.com\/en\/#website"},"datePublished":"2020-12-16T09:26:29+00:00","dateModified":"2022-06-17T11:45:03+00:00","breadcrumb":{"@id":"https:\/\/noraker.com\/en\/legal-notices\/#breadcrumb"},"inLanguage":"fr-FR","potentialAction":[{"@type":"ReadAction","target":["https:\/\/noraker.com\/en\/legal-notices\/"]}]},{"@type":"BreadcrumbList","@id":"https:\/\/noraker.com\/en\/legal-notices\/#breadcrumb","itemListElement":[{"@type":"ListItem","position":1,"name":"Home","item":"https:\/\/noraker.com\/fr\/"},{"@type":"ListItem","position":2,"name":"Mentions l\u00e9gales"}]},{"@type":"WebSite","@id":"https:\/\/noraker.com\/en\/#website","url":"https:\/\/noraker.com\/en\/","name":"Noraker","description":"","publisher":{"@id":"https:\/\/noraker.com\/en\/#organization"},"potentialAction":[{"@type":"SearchAction","target":{"@type":"EntryPoint","urlTemplate":"https:\/\/noraker.com\/en\/?s={search_term_string}"},"query-input":{"@type":"PropertyValueSpecification","valueRequired":true,"valueName":"search_term_string"}}],"inLanguage":"fr-FR"},{"@type":"Organization","@id":"https:\/\/noraker.com\/en\/#organization","name":"Noraker","url":"https:\/\/noraker.com\/en\/","logo":{"@type":"ImageObject","inLanguage":"fr-FR","@id":"https:\/\/noraker.com\/en\/#\/schema\/logo\/image\/","url":"https:\/\/noraker.com\/wp-content\/uploads\/2020\/12\/noraker-logo.png","contentUrl":"https:\/\/noraker.com\/wp-content\/uploads\/2020\/12\/noraker-logo.png","width":599,"height":186,"caption":"Noraker"},"image":{"@id":"https:\/\/noraker.com\/en\/#\/schema\/logo\/image\/"}}]}},"_links":{"self":[{"href":"https:\/\/noraker.com\/fr\/wp-json\/wp\/v2\/pages\/53","targetHints":{"allow":["GET"]}}],"collection":[{"href":"https:\/\/noraker.com\/fr\/wp-json\/wp\/v2\/pages"}],"about":[{"href":"https:\/\/noraker.com\/fr\/wp-json\/wp\/v2\/types\/page"}],"author":[{"embeddable":true,"href":"https:\/\/noraker.com\/fr\/wp-json\/wp\/v2\/users\/1"}],"replies":[{"embeddable":true,"href":"https:\/\/noraker.com\/fr\/wp-json\/wp\/v2\/comments?post=53"}],"version-history":[{"count":22,"href":"https:\/\/noraker.com\/fr\/wp-json\/wp\/v2\/pages\/53\/revisions"}],"predecessor-version":[{"id":4969,"href":"https:\/\/noraker.com\/fr\/wp-json\/wp\/v2\/pages\/53\/revisions\/4969"}],"wp:attachment":[{"href":"https:\/\/noraker.com\/fr\/wp-json\/wp\/v2\/media?parent=53"}],"curies":[{"name":"wp","href":"https:\/\/api.w.org\/{rel}","templated":true}]}}