{"id":6201,"date":"2026-01-20T16:35:20","date_gmt":"2026-01-20T15:35:20","guid":{"rendered":"https:\/\/noraker.com\/?page_id=6201"},"modified":"2026-01-20T16:35:20","modified_gmt":"2026-01-20T15:35:20","slug":"ethique-transparence","status":"publish","type":"page","link":"https:\/\/noraker.com\/fr\/ethique-transparence\/","title":{"rendered":"ETHIQUE  &#038; TRANSPARENCE"},"content":{"rendered":"\t\t<div data-elementor-type=\"wp-page\" data-elementor-id=\"6201\" class=\"elementor elementor-6201\" data-elementor-post-type=\"page\">\n\t\t\t\t\t\t<section class=\"elementor-section elementor-top-section elementor-element elementor-element-9a6b5eb elementor-section-boxed elementor-section-height-default elementor-section-height-default\" data-id=\"9a6b5eb\" data-element_type=\"section\" data-e-type=\"section\">\n\t\t\t\t\t\t<div class=\"elementor-container elementor-column-gap-default\">\n\t\t\t\t\t<div class=\"elementor-column elementor-col-100 elementor-top-column elementor-element elementor-element-b3818a2\" data-id=\"b3818a2\" data-element_type=\"column\" data-e-type=\"column\">\n\t\t\t<div class=\"elementor-widget-wrap\">\n\t\t\t\t\t\t\t<\/div>\n\t\t<\/div>\n\t\t\t\t\t<\/div>\n\t\t<\/section>\n\t\t\t\t<section class=\"elementor-section elementor-top-section elementor-element elementor-element-597cd17 elementor-section-boxed elementor-section-height-default elementor-section-height-default\" data-id=\"597cd17\" data-element_type=\"section\" data-e-type=\"section\">\n\t\t\t\t\t\t<div class=\"elementor-container elementor-column-gap-default\">\n\t\t\t\t\t<div class=\"elementor-column elementor-col-100 elementor-top-column elementor-element elementor-element-310b2e6\" data-id=\"310b2e6\" data-element_type=\"column\" data-e-type=\"column\">\n\t\t\t<div class=\"elementor-widget-wrap elementor-element-populated\">\n\t\t\t\t\t\t<div class=\"elementor-element elementor-element-d763219 elementor--h-position-center elementor--v-position-middle elementor-arrows-position-inside elementor-pagination-position-inside elementor-widget elementor-widget-slides\" data-id=\"d763219\" data-element_type=\"widget\" data-e-type=\"widget\" data-settings=\"{&quot;navigation&quot;:&quot;both&quot;,&quot;autoplay&quot;:&quot;yes&quot;,&quot;pause_on_hover&quot;:&quot;yes&quot;,&quot;pause_on_interaction&quot;:&quot;yes&quot;,&quot;autoplay_speed&quot;:5000,&quot;infinite&quot;:&quot;yes&quot;,&quot;transition&quot;:&quot;slide&quot;,&quot;transition_speed&quot;:500}\" data-widget_type=\"slides.default\">\n\t\t\t\t<div class=\"elementor-widget-container\">\n\t\t\t\t\t\t\t\t\t<div class=\"elementor-swiper\">\n\t\t\t\t\t<div class=\"elementor-slides-wrapper elementor-main-swiper swiper\" role=\"region\" aria-roledescription=\"carousel\" aria-label=\"\" dir=\"ltr\" data-animation=\"fadeInUp\">\n\t\t\t\t<div class=\"swiper-wrapper elementor-slides\">\n\t\t\t\t\t\t\t\t\t\t<div class=\"elementor-repeater-item-9f6e49c swiper-slide\" role=\"group\" aria-roledescription=\"slide\"><div class=\"swiper-slide-bg elementor-ken-burns elementor-ken-burns--in\" role=\"img\" aria-label=\"earth-day-celebration-concept\"><\/div><div class=\"swiper-slide-inner\" ><div class=\"swiper-slide-contents\"><div class=\"elementor-slide-heading\">NORAKER<sup>\u00ae<\/sup> dans le respect de l'Ethique et de la Transparence <\/div><\/div><\/div><\/div>\t\t\t\t<\/div>\n\t\t\t\t\t\t\t<\/div>\n\t\t\t\t<\/div>\n\t\t\t\t\t\t\t\t<\/div>\n\t\t\t\t<\/div>\n\t\t\t\t\t<\/div>\n\t\t<\/div>\n\t\t\t\t\t<\/div>\n\t\t<\/section>\n\t\t\t\t<section class=\"elementor-section elementor-top-section elementor-element elementor-element-2689416 elementor-section-boxed elementor-section-height-default elementor-section-height-default\" data-id=\"2689416\" data-element_type=\"section\" data-e-type=\"section\">\n\t\t\t\t\t\t<div class=\"elementor-container elementor-column-gap-default\">\n\t\t\t\t\t<div class=\"elementor-column elementor-col-100 elementor-top-column elementor-element elementor-element-5e8c661\" data-id=\"5e8c661\" data-element_type=\"column\" data-e-type=\"column\">\n\t\t\t<div class=\"elementor-widget-wrap elementor-element-populated\">\n\t\t\t\t\t\t<div class=\"elementor-element elementor-element-79863b7 elementor-widget elementor-widget-text-editor\" data-id=\"79863b7\" data-element_type=\"widget\" data-e-type=\"widget\" data-widget_type=\"text-editor.default\">\n\t\t\t\t<div class=\"elementor-widget-container\">\n\t\t\t\t\t\t\t\t\t<p>L&#8217;\u00e9thique et la transparence sont des enjeux cruciaux pour garantir la s\u00e9curit\u00e9 des dispositifs et la confiance des partenaires et des patients.<\/p><p>C\u2019est pourquoi, NORAKER<sup>\u00ae<\/sup>\u00a0veille au respect scrupuleux des normes et r\u00e9glementations applicables, notamment en mati\u00e8re de qualit\u00e9, de s\u00e9curit\u00e9 et de protection de la sant\u00e9 publique pour tous les dispositifs m\u00e9dicaux qu\u2019elle fabrique et commercialise.<\/p>\t\t\t\t\t\t\t\t<\/div>\n\t\t\t\t<\/div>\n\t\t\t\t<div class=\"elementor-element elementor-element-0c1a017 elementor-widget elementor-widget-heading\" data-id=\"0c1a017\" data-element_type=\"widget\" data-e-type=\"widget\" data-widget_type=\"heading.default\">\n\t\t\t\t<div class=\"elementor-widget-container\">\n\t\t\t\t\t<h3 class=\"elementor-heading-title elementor-size-default\">ANTI-CORRUPTION\n<\/h3>\t\t\t\t<\/div>\n\t\t\t\t<\/div>\n\t\t\t\t\t<\/div>\n\t\t<\/div>\n\t\t\t\t\t<\/div>\n\t\t<\/section>\n\t\t\t\t<section class=\"elementor-section elementor-top-section elementor-element elementor-element-48410ca elementor-section-boxed elementor-section-height-default elementor-section-height-default\" data-id=\"48410ca\" data-element_type=\"section\" data-e-type=\"section\">\n\t\t\t\t\t\t<div class=\"elementor-container elementor-column-gap-default\">\n\t\t\t\t\t<div class=\"elementor-column elementor-col-100 elementor-top-column elementor-element elementor-element-a3545f2\" data-id=\"a3545f2\" data-element_type=\"column\" data-e-type=\"column\">\n\t\t\t<div class=\"elementor-widget-wrap elementor-element-populated\">\n\t\t\t\t\t\t<div class=\"elementor-element elementor-element-6980768 elementor-widget elementor-widget-text-editor\" data-id=\"6980768\" data-element_type=\"widget\" data-e-type=\"widget\" data-widget_type=\"text-editor.default\">\n\t\t\t\t<div class=\"elementor-widget-container\">\n\t\t\t\t\t\t\t\t\t<p>NORAKER<sup>\u00ae<\/sup> refuse toute forme de fraude ou de corruption et s&#8217;engage \u00e0 respecter les normes et r\u00e8gles \u00e9thiques notamment en ce qui concerne le marketing et la publicit\u00e9, les relations avec les professionnels de sant\u00e9, et les pratiques commerciales en g\u00e9n\u00e9ral que ce soit avec les clients ou les fournisseurs.<\/p><p>NORAKER<sup>\u00ae<\/sup> veille \u00e0 ce que ses collaborateurs mais aussi ses agents et distributeurs, soient form\u00e9s aux principes \u00e9thiques, de loyaut\u00e9 et d\u2019int\u00e9grit\u00e9 vis-\u00e0-vis de l\u2019ensemble de ses partenaires et \u00e0 ce qu&#8217;ils soient encourag\u00e9s \u00e0 signaler toute violation pr\u00e9sum\u00e9e de ces principes.<\/p>\t\t\t\t\t\t\t\t<\/div>\n\t\t\t\t<\/div>\n\t\t\t\t\t<\/div>\n\t\t<\/div>\n\t\t\t\t\t<\/div>\n\t\t<\/section>\n\t\t\t\t<section class=\"elementor-section elementor-top-section elementor-element elementor-element-93b8af2 elementor-section-boxed elementor-section-height-default elementor-section-height-default\" data-id=\"93b8af2\" data-element_type=\"section\" data-e-type=\"section\">\n\t\t\t\t\t\t<div class=\"elementor-container elementor-column-gap-default\">\n\t\t\t\t\t<div class=\"elementor-column elementor-col-100 elementor-top-column elementor-element elementor-element-4d8b1d6\" data-id=\"4d8b1d6\" data-element_type=\"column\" data-e-type=\"column\">\n\t\t\t<div class=\"elementor-widget-wrap elementor-element-populated\">\n\t\t\t\t\t\t<div class=\"elementor-element elementor-element-3a3eed5 elementor-widget elementor-widget-heading\" data-id=\"3a3eed5\" data-element_type=\"widget\" data-e-type=\"widget\" data-widget_type=\"heading.default\">\n\t\t\t\t<div class=\"elementor-widget-container\">\n\t\t\t\t\t<h3 class=\"elementor-heading-title elementor-size-default\">TRANSPARENCE\n<\/h3>\t\t\t\t<\/div>\n\t\t\t\t<\/div>\n\t\t\t\t\t<\/div>\n\t\t<\/div>\n\t\t\t\t\t<\/div>\n\t\t<\/section>\n\t\t\t\t<section class=\"elementor-section elementor-top-section elementor-element elementor-element-101ccda elementor-section-boxed elementor-section-height-default elementor-section-height-default\" data-id=\"101ccda\" data-element_type=\"section\" data-e-type=\"section\">\n\t\t\t\t\t\t<div class=\"elementor-container elementor-column-gap-default\">\n\t\t\t\t\t<div class=\"elementor-column elementor-col-100 elementor-top-column elementor-element elementor-element-f3624a3\" data-id=\"f3624a3\" data-element_type=\"column\" data-e-type=\"column\">\n\t\t\t<div class=\"elementor-widget-wrap elementor-element-populated\">\n\t\t\t\t\t\t<div class=\"elementor-element elementor-element-0ec65fc elementor-widget elementor-widget-text-editor\" data-id=\"0ec65fc\" data-element_type=\"widget\" data-e-type=\"widget\" data-widget_type=\"text-editor.default\">\n\t\t\t\t<div class=\"elementor-widget-container\">\n\t\t\t\t\t\t\t\t\t<p>NORAKER<sup>\u00ae<\/sup> est d\u2019une compl\u00e8te transparence sur ses pratiques. Les R\u00e9sum\u00e9s des Caract\u00e9ristiques de S\u00e9curit\u00e9 et des Performances (RCSPC) de chacun des dispositifs, qui incluent tous les r\u00e9sultats des \u00e9tudes cliniques, sont publi\u00e9s sur son site internet.<\/p><p>Les patients et les chirurgiens ont acc\u00e8s \u00e0 des informations claires et compr\u00e9hensibles sur les produits qu&#8217;ils utilisent, y compris les risques potentiels associ\u00e9s \u00e0 leur utilisation.<\/p>\t\t\t\t\t\t\t\t<\/div>\n\t\t\t\t<\/div>\n\t\t\t\t\t<\/div>\n\t\t<\/div>\n\t\t\t\t\t<\/div>\n\t\t<\/section>\n\t\t\t\t<section class=\"elementor-section elementor-top-section elementor-element elementor-element-b444f03 elementor-section-boxed elementor-section-height-default elementor-section-height-default\" data-id=\"b444f03\" data-element_type=\"section\" data-e-type=\"section\">\n\t\t\t\t\t\t<div class=\"elementor-container elementor-column-gap-default\">\n\t\t\t\t\t<div class=\"elementor-column elementor-col-100 elementor-top-column elementor-element elementor-element-7ead938\" data-id=\"7ead938\" data-element_type=\"column\" data-e-type=\"column\">\n\t\t\t<div class=\"elementor-widget-wrap elementor-element-populated\">\n\t\t\t\t\t\t<div class=\"elementor-element elementor-element-9330d8c elementor-widget elementor-widget-heading\" data-id=\"9330d8c\" data-element_type=\"widget\" data-e-type=\"widget\" data-widget_type=\"heading.default\">\n\t\t\t\t<div class=\"elementor-widget-container\">\n\t\t\t\t\t<h3 class=\"elementor-heading-title elementor-size-default\">PROTECTION\n<\/h3>\t\t\t\t<\/div>\n\t\t\t\t<\/div>\n\t\t\t\t\t<\/div>\n\t\t<\/div>\n\t\t\t\t\t<\/div>\n\t\t<\/section>\n\t\t\t\t<section class=\"elementor-section elementor-top-section elementor-element elementor-element-9d1a310 elementor-section-boxed elementor-section-height-default elementor-section-height-default\" data-id=\"9d1a310\" data-element_type=\"section\" data-e-type=\"section\">\n\t\t\t\t\t\t<div class=\"elementor-container elementor-column-gap-default\">\n\t\t\t\t\t<div class=\"elementor-column elementor-col-100 elementor-top-column elementor-element elementor-element-eb0b41c\" data-id=\"eb0b41c\" data-element_type=\"column\" data-e-type=\"column\">\n\t\t\t<div class=\"elementor-widget-wrap elementor-element-populated\">\n\t\t\t\t\t\t<div class=\"elementor-element elementor-element-050c9e2 elementor-widget elementor-widget-text-editor\" data-id=\"050c9e2\" data-element_type=\"widget\" data-e-type=\"widget\" data-widget_type=\"text-editor.default\">\n\t\t\t\t<div class=\"elementor-widget-container\">\n\t\t\t\t\t\t\t\t\t<p>NORAKER<sup>\u00ae<\/sup> respecte les droits des patients en mati\u00e8re de confidentialit\u00e9, de protection des donn\u00e9es et de respect de la vie priv\u00e9e, dans le cadre des \u00e9valuations cliniques.<\/p><p>Le respect des donn\u00e9es personnelles des salari\u00e9s et partenaires est assur\u00e9 en accord avec la r\u00e9glementation RGPD.<\/p>\t\t\t\t\t\t\t\t<\/div>\n\t\t\t\t<\/div>\n\t\t\t\t\t<\/div>\n\t\t<\/div>\n\t\t\t\t\t<\/div>\n\t\t<\/section>\n\t\t\t\t<\/div>\n\t\t","protected":false},"excerpt":{"rendered":"<p>NORAKER\u00ae dans le respect de l&#8217;Ethique et de la Transparence L&#8217;\u00e9thique et la transparence sont des enjeux cruciaux pour garantir la s\u00e9curit\u00e9 des dispositifs et la confiance des partenaires et des patients. C\u2019est pourquoi, NORAKER\u00ae\u00a0veille au respect scrupuleux des normes et r\u00e9glementations applicables, notamment en mati\u00e8re de qualit\u00e9, de s\u00e9curit\u00e9 et de protection de la [&hellip;]<\/p>\n","protected":false},"author":51,"featured_media":0,"parent":0,"menu_order":0,"comment_status":"closed","ping_status":"closed","template":"","meta":{"site-sidebar-layout":"no-sidebar","site-content-layout":"page-builder","ast-site-content-layout":"full-width-container","site-content-style":"unboxed","site-sidebar-style":"unboxed","ast-global-header-display":"","ast-banner-title-visibility":"","ast-main-header-display":"","ast-hfb-above-header-display":"","ast-hfb-below-header-display":"","ast-hfb-mobile-header-display":"","site-post-title":"disabled","ast-breadcrumbs-content":"","ast-featured-img":"disabled","footer-sml-layout":"","ast-disable-related-posts":"","theme-transparent-header-meta":"default","adv-header-id-meta":"","stick-header-meta":"","header-above-stick-meta":"","header-main-stick-meta":"","header-below-stick-meta":"","astra-migrate-meta-layouts":"set","ast-page-background-enabled":"default","ast-page-background-meta":{"desktop":{"background-color":"","background-image":"","background-repeat":"repeat","background-position":"center center","background-size":"auto","background-attachment":"scroll","background-type":"","background-media":"","overlay-type":"","overlay-color":"","overlay-opacity":"","overlay-gradient":""},"tablet":{"background-color":"","background-image":"","background-repeat":"repeat","background-position":"center center","background-size":"auto","background-attachment":"scroll","background-type":"","background-media":"","overlay-type":"","overlay-color":"","overlay-opacity":"","overlay-gradient":""},"mobile":{"background-color":"","background-image":"","background-repeat":"repeat","background-position":"center center","background-size":"auto","background-attachment":"scroll","background-type":"","background-media":"","overlay-type":"","overlay-color":"","overlay-opacity":"","overlay-gradient":""}},"ast-content-background-meta":{"desktop":{"background-color":"var(--ast-global-color-5)","background-image":"","background-repeat":"repeat","background-position":"center center","background-size":"auto","background-attachment":"scroll","background-type":"","background-media":"","overlay-type":"","overlay-color":"","overlay-opacity":"","overlay-gradient":""},"tablet":{"background-color":"var(--ast-global-color-5)","background-image":"","background-repeat":"repeat","background-position":"center center","background-size":"auto","background-attachment":"scroll","background-type":"","background-media":"","overlay-type":"","overlay-color":"","overlay-opacity":"","overlay-gradient":""},"mobile":{"background-color":"var(--ast-global-color-5)","background-image":"","background-repeat":"repeat","background-position":"center center","background-size":"auto","background-attachment":"scroll","background-type":"","background-media":"","overlay-type":"","overlay-color":"","overlay-opacity":"","overlay-gradient":""}},"footnotes":""},"class_list":["post-6201","page","type-page","status-publish","hentry"],"yoast_head":"<!-- This site is optimized with the Yoast SEO plugin v27.0 - https:\/\/yoast.com\/product\/yoast-seo-wordpress\/ -->\n<title>\u00c9thique et Transparence dans les Dispositifs M\u00e9dicaux | Noraker<\/title>\n<meta name=\"description\" content=\"Noraker garantit l\u2019\u00e9thique et la transparence dans les dispositifs m\u00e9dicaux gr\u00e2ce \u00e0 la conformit\u00e9 r\u00e9glementaire, la protection des donn\u00e9es (RGPD) et les pratiques anti-corruption.\" \/>\n<meta name=\"robots\" content=\"index, follow, max-snippet:-1, max-image-preview:large, max-video-preview:-1\" \/>\n<link rel=\"canonical\" href=\"https:\/\/noraker.com\/fr\/ethique-transparence\/\" \/>\n<meta property=\"og:locale\" content=\"fr_FR\" \/>\n<meta property=\"og:type\" content=\"article\" \/>\n<meta property=\"og:title\" content=\"\u00c9thique et Transparence dans les Dispositifs M\u00e9dicaux | Noraker\" \/>\n<meta property=\"og:description\" content=\"Noraker garantit l\u2019\u00e9thique et la transparence dans les dispositifs m\u00e9dicaux gr\u00e2ce \u00e0 la conformit\u00e9 r\u00e9glementaire, la protection des donn\u00e9es (RGPD) et les pratiques anti-corruption.\" \/>\n<meta property=\"og:url\" content=\"https:\/\/noraker.com\/fr\/ethique-transparence\/\" \/>\n<meta property=\"og:site_name\" content=\"Noraker\" \/>\n<meta name=\"twitter:card\" content=\"summary_large_image\" \/>\n<meta name=\"twitter:label1\" content=\"Dur\u00e9e de lecture estim\u00e9e\" \/>\n\t<meta name=\"twitter:data1\" content=\"2 minutes\" \/>\n<script type=\"application\/ld+json\" class=\"yoast-schema-graph\">{\"@context\":\"https:\/\/schema.org\",\"@graph\":[{\"@type\":\"WebPage\",\"@id\":\"https:\/\/noraker.com\/fr\/ethique-transparence\/\",\"url\":\"https:\/\/noraker.com\/fr\/ethique-transparence\/\",\"name\":\"\u00c9thique et Transparence dans les Dispositifs M\u00e9dicaux | Noraker\",\"isPartOf\":{\"@id\":\"https:\/\/noraker.com\/en\/#website\"},\"datePublished\":\"2026-01-20T15:35:20+00:00\",\"description\":\"Noraker garantit l\u2019\u00e9thique et la transparence dans les dispositifs m\u00e9dicaux gr\u00e2ce \u00e0 la conformit\u00e9 r\u00e9glementaire, la protection des donn\u00e9es (RGPD) et les pratiques anti-corruption.\",\"breadcrumb\":{\"@id\":\"https:\/\/noraker.com\/fr\/ethique-transparence\/#breadcrumb\"},\"inLanguage\":\"fr-FR\",\"potentialAction\":[{\"@type\":\"ReadAction\",\"target\":[\"https:\/\/noraker.com\/fr\/ethique-transparence\/\"]}]},{\"@type\":\"BreadcrumbList\",\"@id\":\"https:\/\/noraker.com\/fr\/ethique-transparence\/#breadcrumb\",\"itemListElement\":[{\"@type\":\"ListItem\",\"position\":1,\"name\":\"Home\",\"item\":\"https:\/\/noraker.com\/fr\/\"},{\"@type\":\"ListItem\",\"position\":2,\"name\":\"ETHIQUE &#038; TRANSPARENCE\"}]},{\"@type\":\"WebSite\",\"@id\":\"https:\/\/noraker.com\/en\/#website\",\"url\":\"https:\/\/noraker.com\/en\/\",\"name\":\"Noraker\",\"description\":\"\",\"publisher\":{\"@id\":\"https:\/\/noraker.com\/en\/#organization\"},\"potentialAction\":[{\"@type\":\"SearchAction\",\"target\":{\"@type\":\"EntryPoint\",\"urlTemplate\":\"https:\/\/noraker.com\/en\/?s={search_term_string}\"},\"query-input\":{\"@type\":\"PropertyValueSpecification\",\"valueRequired\":true,\"valueName\":\"search_term_string\"}}],\"inLanguage\":\"fr-FR\"},{\"@type\":\"Organization\",\"@id\":\"https:\/\/noraker.com\/en\/#organization\",\"name\":\"Noraker\",\"url\":\"https:\/\/noraker.com\/en\/\",\"logo\":{\"@type\":\"ImageObject\",\"inLanguage\":\"fr-FR\",\"@id\":\"https:\/\/noraker.com\/en\/#\/schema\/logo\/image\/\",\"url\":\"https:\/\/noraker.com\/wp-content\/uploads\/2020\/12\/noraker-logo.png\",\"contentUrl\":\"https:\/\/noraker.com\/wp-content\/uploads\/2020\/12\/noraker-logo.png\",\"width\":599,\"height\":186,\"caption\":\"Noraker\"},\"image\":{\"@id\":\"https:\/\/noraker.com\/en\/#\/schema\/logo\/image\/\"}}]}<\/script>\n<!-- \/ Yoast SEO plugin. -->","yoast_head_json":{"title":"\u00c9thique et Transparence dans les Dispositifs M\u00e9dicaux | Noraker","description":"Noraker garantit l\u2019\u00e9thique et la transparence dans les dispositifs m\u00e9dicaux gr\u00e2ce \u00e0 la conformit\u00e9 r\u00e9glementaire, la protection des donn\u00e9es (RGPD) et les pratiques anti-corruption.","robots":{"index":"index","follow":"follow","max-snippet":"max-snippet:-1","max-image-preview":"max-image-preview:large","max-video-preview":"max-video-preview:-1"},"canonical":"https:\/\/noraker.com\/fr\/ethique-transparence\/","og_locale":"fr_FR","og_type":"article","og_title":"\u00c9thique et Transparence dans les Dispositifs M\u00e9dicaux | Noraker","og_description":"Noraker garantit l\u2019\u00e9thique et la transparence dans les dispositifs m\u00e9dicaux gr\u00e2ce \u00e0 la conformit\u00e9 r\u00e9glementaire, la protection des donn\u00e9es (RGPD) et les pratiques anti-corruption.","og_url":"https:\/\/noraker.com\/fr\/ethique-transparence\/","og_site_name":"Noraker","twitter_card":"summary_large_image","twitter_misc":{"Dur\u00e9e de lecture estim\u00e9e":"2 minutes"},"schema":{"@context":"https:\/\/schema.org","@graph":[{"@type":"WebPage","@id":"https:\/\/noraker.com\/fr\/ethique-transparence\/","url":"https:\/\/noraker.com\/fr\/ethique-transparence\/","name":"\u00c9thique et Transparence dans les Dispositifs M\u00e9dicaux | Noraker","isPartOf":{"@id":"https:\/\/noraker.com\/en\/#website"},"datePublished":"2026-01-20T15:35:20+00:00","description":"Noraker garantit l\u2019\u00e9thique et la transparence dans les dispositifs m\u00e9dicaux gr\u00e2ce \u00e0 la conformit\u00e9 r\u00e9glementaire, la protection des donn\u00e9es (RGPD) et les pratiques anti-corruption.","breadcrumb":{"@id":"https:\/\/noraker.com\/fr\/ethique-transparence\/#breadcrumb"},"inLanguage":"fr-FR","potentialAction":[{"@type":"ReadAction","target":["https:\/\/noraker.com\/fr\/ethique-transparence\/"]}]},{"@type":"BreadcrumbList","@id":"https:\/\/noraker.com\/fr\/ethique-transparence\/#breadcrumb","itemListElement":[{"@type":"ListItem","position":1,"name":"Home","item":"https:\/\/noraker.com\/fr\/"},{"@type":"ListItem","position":2,"name":"ETHIQUE &#038; TRANSPARENCE"}]},{"@type":"WebSite","@id":"https:\/\/noraker.com\/en\/#website","url":"https:\/\/noraker.com\/en\/","name":"Noraker","description":"","publisher":{"@id":"https:\/\/noraker.com\/en\/#organization"},"potentialAction":[{"@type":"SearchAction","target":{"@type":"EntryPoint","urlTemplate":"https:\/\/noraker.com\/en\/?s={search_term_string}"},"query-input":{"@type":"PropertyValueSpecification","valueRequired":true,"valueName":"search_term_string"}}],"inLanguage":"fr-FR"},{"@type":"Organization","@id":"https:\/\/noraker.com\/en\/#organization","name":"Noraker","url":"https:\/\/noraker.com\/en\/","logo":{"@type":"ImageObject","inLanguage":"fr-FR","@id":"https:\/\/noraker.com\/en\/#\/schema\/logo\/image\/","url":"https:\/\/noraker.com\/wp-content\/uploads\/2020\/12\/noraker-logo.png","contentUrl":"https:\/\/noraker.com\/wp-content\/uploads\/2020\/12\/noraker-logo.png","width":599,"height":186,"caption":"Noraker"},"image":{"@id":"https:\/\/noraker.com\/en\/#\/schema\/logo\/image\/"}}]}},"_links":{"self":[{"href":"https:\/\/noraker.com\/fr\/wp-json\/wp\/v2\/pages\/6201","targetHints":{"allow":["GET"]}}],"collection":[{"href":"https:\/\/noraker.com\/fr\/wp-json\/wp\/v2\/pages"}],"about":[{"href":"https:\/\/noraker.com\/fr\/wp-json\/wp\/v2\/types\/page"}],"author":[{"embeddable":true,"href":"https:\/\/noraker.com\/fr\/wp-json\/wp\/v2\/users\/51"}],"replies":[{"embeddable":true,"href":"https:\/\/noraker.com\/fr\/wp-json\/wp\/v2\/comments?post=6201"}],"version-history":[{"count":13,"href":"https:\/\/noraker.com\/fr\/wp-json\/wp\/v2\/pages\/6201\/revisions"}],"predecessor-version":[{"id":6518,"href":"https:\/\/noraker.com\/fr\/wp-json\/wp\/v2\/pages\/6201\/revisions\/6518"}],"wp:attachment":[{"href":"https:\/\/noraker.com\/fr\/wp-json\/wp\/v2\/media?parent=6201"}],"curies":[{"name":"wp","href":"https:\/\/api.w.org\/{rel}","templated":true}]}}