{"id":6331,"date":"2026-01-20T16:35:31","date_gmt":"2026-01-20T15:35:31","guid":{"rendered":"https:\/\/noraker.com\/?page_id=6331"},"modified":"2026-01-20T16:35:31","modified_gmt":"2026-01-20T15:35:31","slug":"preservation-ecosysteme-developpement-local","status":"publish","type":"page","link":"https:\/\/noraker.com\/fr\/preservation-ecosysteme-developpement-local\/","title":{"rendered":"PRESERVATION DE L\u2019ECOSYSTEME ET DEVELOPPEMENT LOCAL"},"content":{"rendered":"\t\t<div data-elementor-type=\"wp-page\" data-elementor-id=\"6331\" class=\"elementor elementor-6331\" data-elementor-post-type=\"page\">\n\t\t\t\t\t\t<section class=\"elementor-section elementor-top-section elementor-element elementor-element-19cdf0b elementor-section-boxed elementor-section-height-default elementor-section-height-default\" data-id=\"19cdf0b\" data-element_type=\"section\" data-e-type=\"section\">\n\t\t\t\t\t\t<div class=\"elementor-container elementor-column-gap-default\">\n\t\t\t\t\t<div class=\"elementor-column elementor-col-100 elementor-top-column elementor-element elementor-element-dbd8e17\" data-id=\"dbd8e17\" data-element_type=\"column\" data-e-type=\"column\">\n\t\t\t<div class=\"elementor-widget-wrap elementor-element-populated\">\n\t\t\t\t\t\t<div class=\"elementor-element elementor-element-0c63132 elementor--h-position-center elementor--v-position-middle elementor-arrows-position-inside elementor-pagination-position-inside elementor-widget elementor-widget-slides\" data-id=\"0c63132\" data-element_type=\"widget\" data-e-type=\"widget\" data-settings=\"{&quot;navigation&quot;:&quot;both&quot;,&quot;autoplay&quot;:&quot;yes&quot;,&quot;pause_on_hover&quot;:&quot;yes&quot;,&quot;pause_on_interaction&quot;:&quot;yes&quot;,&quot;autoplay_speed&quot;:5000,&quot;infinite&quot;:&quot;yes&quot;,&quot;transition&quot;:&quot;slide&quot;,&quot;transition_speed&quot;:500}\" data-widget_type=\"slides.default\">\n\t\t\t\t<div class=\"elementor-widget-container\">\n\t\t\t\t\t\t\t\t\t<div class=\"elementor-swiper\">\n\t\t\t\t\t<div class=\"elementor-slides-wrapper elementor-main-swiper swiper\" role=\"region\" aria-roledescription=\"carousel\" aria-label=\"Diapositives\" dir=\"ltr\" data-animation=\"fadeInUp\">\n\t\t\t\t<div class=\"swiper-wrapper elementor-slides\">\n\t\t\t\t\t\t\t\t\t\t<div class=\"elementor-repeater-item-ca79730 swiper-slide\" role=\"group\" aria-roledescription=\"slide\"><div class=\"swiper-slide-bg\" role=\"img\" aria-label=\"Parc de la tete d&#039;or\"><\/div><div class=\"swiper-slide-inner\" ><div class=\"swiper-slide-contents\"><h1 class=\"elementor-slide-heading\">PRESERVATION DE L\u2019ECOSYSTEME ET DEVELOPPEMENT LOCAL<\/h1><\/div><\/div><\/div>\t\t\t\t<\/div>\n\t\t\t\t\t\t\t<\/div>\n\t\t\t\t<\/div>\n\t\t\t\t\t\t\t\t<\/div>\n\t\t\t\t<\/div>\n\t\t\t\t\t<\/div>\n\t\t<\/div>\n\t\t\t\t\t<\/div>\n\t\t<\/section>\n\t\t\t\t<section class=\"elementor-section elementor-top-section elementor-element elementor-element-3b9b65a elementor-section-boxed elementor-section-height-default elementor-section-height-default\" data-id=\"3b9b65a\" data-element_type=\"section\" data-e-type=\"section\">\n\t\t\t\t\t\t<div class=\"elementor-container elementor-column-gap-default\">\n\t\t\t\t\t<div class=\"elementor-column elementor-col-100 elementor-top-column elementor-element elementor-element-d5a390d\" data-id=\"d5a390d\" data-element_type=\"column\" data-e-type=\"column\">\n\t\t\t<div class=\"elementor-widget-wrap elementor-element-populated\">\n\t\t\t\t\t\t<div class=\"elementor-element elementor-element-8622191 elementor-widget elementor-widget-text-editor\" data-id=\"8622191\" data-element_type=\"widget\" data-e-type=\"widget\" data-widget_type=\"text-editor.default\">\n\t\t\t\t<div class=\"elementor-widget-container\">\n\t\t\t\t\t\t\t\t\t<p>Sp\u00e9cialis\u00e9e dans la fabrication de verre bioactif<b>, <\/b>NORAKER<sup>\u00ae<\/sup> int\u00e8gre autant que possible l\u2019environnement dans le cycle de vie du produit. Elle s&#8217;engage \u00e0 r\u00e9duire son impact environnemental en adoptant des pratiques de fabrication durables, en minimisant les d\u00e9chets de production et en encourageant le recyclage des mat\u00e9riaux. Les dispositifs m\u00e9dicaux NORAKER<sup>\u00ae<\/sup> sont r\u00e9sorbables, conditionn\u00e9s dans des emballages recyclables. Par cons\u00e9quent, leur fin de vie repr\u00e9sente un faible impact pour les utilisateurs et les \u00e9tablissements de sant\u00e9.<\/p>\t\t\t\t\t\t\t\t<\/div>\n\t\t\t\t<\/div>\n\t\t\t\t\t<\/div>\n\t\t<\/div>\n\t\t\t\t\t<\/div>\n\t\t<\/section>\n\t\t\t\t<section class=\"elementor-section elementor-top-section elementor-element elementor-element-63dae67 elementor-section-boxed elementor-section-height-default elementor-section-height-default\" data-id=\"63dae67\" data-element_type=\"section\" data-e-type=\"section\">\n\t\t\t\t\t\t<div class=\"elementor-container elementor-column-gap-default\">\n\t\t\t\t\t<div class=\"elementor-column elementor-col-100 elementor-top-column elementor-element elementor-element-f656ac2\" data-id=\"f656ac2\" data-element_type=\"column\" data-e-type=\"column\">\n\t\t\t<div class=\"elementor-widget-wrap elementor-element-populated\">\n\t\t\t\t\t\t<div class=\"elementor-element elementor-element-3e5f43c elementor-widget elementor-widget-heading\" data-id=\"3e5f43c\" data-element_type=\"widget\" data-e-type=\"widget\" data-widget_type=\"heading.default\">\n\t\t\t\t<div class=\"elementor-widget-container\">\n\t\t\t\t\t<h3 class=\"elementor-heading-title elementor-size-default\">TERRITOIRE\n<\/h3>\t\t\t\t<\/div>\n\t\t\t\t<\/div>\n\t\t\t\t\t<\/div>\n\t\t<\/div>\n\t\t\t\t\t<\/div>\n\t\t<\/section>\n\t\t\t\t<section class=\"elementor-section elementor-top-section elementor-element elementor-element-2e9bcef elementor-section-boxed elementor-section-height-default elementor-section-height-default\" data-id=\"2e9bcef\" data-element_type=\"section\" data-e-type=\"section\">\n\t\t\t\t\t\t<div class=\"elementor-container elementor-column-gap-default\">\n\t\t\t\t\t<div class=\"elementor-column elementor-col-100 elementor-top-column elementor-element elementor-element-f017142\" data-id=\"f017142\" data-element_type=\"column\" data-e-type=\"column\">\n\t\t\t<div class=\"elementor-widget-wrap elementor-element-populated\">\n\t\t\t\t\t\t<div class=\"elementor-element elementor-element-c99e78a elementor-widget elementor-widget-text-editor\" data-id=\"c99e78a\" data-element_type=\"widget\" data-e-type=\"widget\" data-widget_type=\"text-editor.default\">\n\t\t\t\t<div class=\"elementor-widget-container\">\n\t\t\t\t\t\t\t\t\t<p>NORAKER<sup>\u00ae<\/sup>, fi\u00e8re de son ancrage territorial, continue de d\u00e9velopper l\u2019emploi local et favorise les partenariats fran\u00e7ais, voire r\u00e9gionaux, avec les fournisseurs, les sponsors d\u2019\u00e9tudes cliniques, les \u00e9coles\u2026 Son engagement contribue \u00e0 r\u00e9duire les impacts environnementaux li\u00e9s \u00e0 la mobilit\u00e9. Son site est localis\u00e9 au centre de Lyon, \u00e0 proximit\u00e9 des collaborateurs et accessible en transport en commun.<\/p>\t\t\t\t\t\t\t\t<\/div>\n\t\t\t\t<\/div>\n\t\t\t\t\t<\/div>\n\t\t<\/div>\n\t\t\t\t\t<\/div>\n\t\t<\/section>\n\t\t\t\t<section class=\"elementor-section elementor-top-section elementor-element elementor-element-4376f14 elementor-section-boxed elementor-section-height-default elementor-section-height-default\" data-id=\"4376f14\" data-element_type=\"section\" data-e-type=\"section\">\n\t\t\t\t\t\t<div class=\"elementor-container elementor-column-gap-default\">\n\t\t\t\t\t<div class=\"elementor-column elementor-col-100 elementor-top-column elementor-element elementor-element-26c4c9c\" data-id=\"26c4c9c\" data-element_type=\"column\" data-e-type=\"column\">\n\t\t\t<div class=\"elementor-widget-wrap elementor-element-populated\">\n\t\t\t\t\t\t<div class=\"elementor-element elementor-element-7cb919e elementor-widget elementor-widget-heading\" data-id=\"7cb919e\" data-element_type=\"widget\" data-e-type=\"widget\" data-widget_type=\"heading.default\">\n\t\t\t\t<div class=\"elementor-widget-container\">\n\t\t\t\t\t<h3 class=\"elementor-heading-title elementor-size-default\">PARTENARIAT EQUITABLE\u00a0\n<\/h3>\t\t\t\t<\/div>\n\t\t\t\t<\/div>\n\t\t\t\t\t<\/div>\n\t\t<\/div>\n\t\t\t\t\t<\/div>\n\t\t<\/section>\n\t\t\t\t<section class=\"elementor-section elementor-top-section elementor-element elementor-element-4246f72 elementor-section-boxed elementor-section-height-default elementor-section-height-default\" data-id=\"4246f72\" data-element_type=\"section\" data-e-type=\"section\">\n\t\t\t\t\t\t<div class=\"elementor-container elementor-column-gap-default\">\n\t\t\t\t\t<div class=\"elementor-column elementor-col-100 elementor-top-column elementor-element elementor-element-a211553\" data-id=\"a211553\" data-element_type=\"column\" data-e-type=\"column\">\n\t\t\t<div class=\"elementor-widget-wrap elementor-element-populated\">\n\t\t\t\t\t\t<div class=\"elementor-element elementor-element-cae83df elementor-widget elementor-widget-text-editor\" data-id=\"cae83df\" data-element_type=\"widget\" data-e-type=\"widget\" data-widget_type=\"text-editor.default\">\n\t\t\t\t<div class=\"elementor-widget-container\">\n\t\t\t\t\t\t\t\t\t<p>NORAKER<sup>\u00ae<\/sup> s&#8217;assure que ses fournisseurs et ses partenaires sont engag\u00e9s dans une d\u00e9marche RSE. <span style=\"font-size: 15px;\">Pour am\u00e9liorer ses actes d\u2019achats et introduire des crit\u00e8res de performance environnementale et sociale, une politique d\u2019achat responsable est en cours de d\u00e9ploiement. <\/span><span style=\"font-size: 15px;\">NORAKER<sup>\u00ae<\/sup> privil\u00e9gie des fournisseurs et des sous-traitants avec lesquels elle s\u2019inscrit dans une relation de confiance, pour des partenariats durables et \u00e9quilibr\u00e9s.<\/span><\/p>\t\t\t\t\t\t\t\t<\/div>\n\t\t\t\t<\/div>\n\t\t\t\t\t<\/div>\n\t\t<\/div>\n\t\t\t\t\t<\/div>\n\t\t<\/section>\n\t\t\t\t<section class=\"elementor-section elementor-top-section elementor-element elementor-element-7b6a8a4 elementor-section-boxed elementor-section-height-default elementor-section-height-default\" data-id=\"7b6a8a4\" data-element_type=\"section\" data-e-type=\"section\">\n\t\t\t\t\t\t<div class=\"elementor-container elementor-column-gap-default\">\n\t\t\t\t\t<div class=\"elementor-column elementor-col-100 elementor-top-column elementor-element elementor-element-868cce6\" data-id=\"868cce6\" data-element_type=\"column\" data-e-type=\"column\">\n\t\t\t<div class=\"elementor-widget-wrap elementor-element-populated\">\n\t\t\t\t\t\t<div class=\"elementor-element elementor-element-9a9d6c0 elementor-widget elementor-widget-heading\" data-id=\"9a9d6c0\" data-element_type=\"widget\" data-e-type=\"widget\" data-widget_type=\"heading.default\">\n\t\t\t\t<div class=\"elementor-widget-container\">\n\t\t\t\t\t<h3 class=\"elementor-heading-title elementor-size-default\">UTILISATION RESPONSABLE\n<\/h3>\t\t\t\t<\/div>\n\t\t\t\t<\/div>\n\t\t\t\t\t<\/div>\n\t\t<\/div>\n\t\t\t\t\t<\/div>\n\t\t<\/section>\n\t\t\t\t<section class=\"elementor-section elementor-top-section elementor-element elementor-element-dffa18b elementor-section-boxed elementor-section-height-default elementor-section-height-default\" data-id=\"dffa18b\" data-element_type=\"section\" data-e-type=\"section\">\n\t\t\t\t\t\t<div class=\"elementor-container elementor-column-gap-default\">\n\t\t\t\t\t<div class=\"elementor-column elementor-col-100 elementor-top-column elementor-element elementor-element-7f26007\" data-id=\"7f26007\" data-element_type=\"column\" data-e-type=\"column\">\n\t\t\t<div class=\"elementor-widget-wrap elementor-element-populated\">\n\t\t\t\t\t\t<div class=\"elementor-element elementor-element-c7fdaf3 elementor-widget elementor-widget-text-editor\" data-id=\"c7fdaf3\" data-element_type=\"widget\" data-e-type=\"widget\" data-widget_type=\"text-editor.default\">\n\t\t\t\t<div class=\"elementor-widget-container\">\n\t\t\t\t\t\t\t\t\t<p>NORAKER<sup>\u00ae<\/sup> encourage l\u2019utilisation responsable de l\u2019informatique, avec des factures d\u00e9mat\u00e9rialis\u00e9es, la mise en place de signatures \u00e9lectroniques et l\u2019optimisation des impressions. De plus, l<span style=\"font-size: 15px;\">es produits chimiques sont recycl\u00e9s pour \u00e9viter de r\u00e9pandre des d\u00e9chets nocifs pour l\u2019environnement et pr\u00e9venir toute contamination.<\/span><\/p>\t\t\t\t\t\t\t\t<\/div>\n\t\t\t\t<\/div>\n\t\t\t\t\t<\/div>\n\t\t<\/div>\n\t\t\t\t\t<\/div>\n\t\t<\/section>\n\t\t\t\t<\/div>\n\t\t","protected":false},"excerpt":{"rendered":"<p>PRESERVATION DE L\u2019ECOSYSTEME ET DEVELOPPEMENT LOCAL Sp\u00e9cialis\u00e9e dans la fabrication de verre bioactif, NORAKER\u00ae int\u00e8gre autant que possible l\u2019environnement dans le cycle de vie du produit. Elle s&#8217;engage \u00e0 r\u00e9duire son impact environnemental en adoptant des pratiques de fabrication durables, en minimisant les d\u00e9chets de production et en encourageant le recyclage des mat\u00e9riaux. Les dispositifs [&hellip;]<\/p>\n","protected":false},"author":51,"featured_media":0,"parent":0,"menu_order":0,"comment_status":"closed","ping_status":"closed","template":"","meta":{"site-sidebar-layout":"no-sidebar","site-content-layout":"page-builder","ast-site-content-layout":"full-width-container","site-content-style":"unboxed","site-sidebar-style":"unboxed","ast-global-header-display":"","ast-banner-title-visibility":"","ast-main-header-display":"","ast-hfb-above-header-display":"","ast-hfb-below-header-display":"","ast-hfb-mobile-header-display":"","site-post-title":"disabled","ast-breadcrumbs-content":"","ast-featured-img":"disabled","footer-sml-layout":"","ast-disable-related-posts":"","theme-transparent-header-meta":"default","adv-header-id-meta":"","stick-header-meta":"","header-above-stick-meta":"","header-main-stick-meta":"","header-below-stick-meta":"","astra-migrate-meta-layouts":"set","ast-page-background-enabled":"default","ast-page-background-meta":{"desktop":{"background-color":"","background-image":"","background-repeat":"repeat","background-position":"center center","background-size":"auto","background-attachment":"scroll","background-type":"","background-media":"","overlay-type":"","overlay-color":"","overlay-opacity":"","overlay-gradient":""},"tablet":{"background-color":"","background-image":"","background-repeat":"repeat","background-position":"center center","background-size":"auto","background-attachment":"scroll","background-type":"","background-media":"","overlay-type":"","overlay-color":"","overlay-opacity":"","overlay-gradient":""},"mobile":{"background-color":"","background-image":"","background-repeat":"repeat","background-position":"center center","background-size":"auto","background-attachment":"scroll","background-type":"","background-media":"","overlay-type":"","overlay-color":"","overlay-opacity":"","overlay-gradient":""}},"ast-content-background-meta":{"desktop":{"background-color":"var(--ast-global-color-5)","background-image":"","background-repeat":"repeat","background-position":"center center","background-size":"auto","background-attachment":"scroll","background-type":"","background-media":"","overlay-type":"","overlay-color":"","overlay-opacity":"","overlay-gradient":""},"tablet":{"background-color":"var(--ast-global-color-5)","background-image":"","background-repeat":"repeat","background-position":"center center","background-size":"auto","background-attachment":"scroll","background-type":"","background-media":"","overlay-type":"","overlay-color":"","overlay-opacity":"","overlay-gradient":""},"mobile":{"background-color":"var(--ast-global-color-5)","background-image":"","background-repeat":"repeat","background-position":"center center","background-size":"auto","background-attachment":"scroll","background-type":"","background-media":"","overlay-type":"","overlay-color":"","overlay-opacity":"","overlay-gradient":""}},"footnotes":""},"class_list":["post-6331","page","type-page","status-publish","hentry"],"yoast_head":"<!-- This site is optimized with the Yoast SEO plugin v27.0 - https:\/\/yoast.com\/product\/yoast-seo-wordpress\/ -->\n<title>Pr\u00e9servation de l\u2019\u00e9cosyst\u00e8me et d\u00e9veloppement local | Noraker<\/title>\n<meta name=\"description\" content=\"Noraker pr\u00e9serve l\u2019\u00e9cosyst\u00e8me \u00e0 chaque \u00e9tape : production durable, emploi local, recyclage, partenariats \u00e9quitables et usage responsable.\" \/>\n<meta name=\"robots\" content=\"index, follow, max-snippet:-1, max-image-preview:large, max-video-preview:-1\" \/>\n<link rel=\"canonical\" href=\"https:\/\/noraker.com\/fr\/preservation-ecosysteme-developpement-local\/\" \/>\n<meta property=\"og:locale\" content=\"fr_FR\" \/>\n<meta property=\"og:type\" content=\"article\" \/>\n<meta property=\"og:title\" content=\"Pr\u00e9servation de l\u2019\u00e9cosyst\u00e8me et d\u00e9veloppement local | Noraker\" \/>\n<meta property=\"og:description\" content=\"Noraker pr\u00e9serve l\u2019\u00e9cosyst\u00e8me \u00e0 chaque \u00e9tape : production durable, emploi local, recyclage, partenariats \u00e9quitables et usage responsable.\" \/>\n<meta property=\"og:url\" content=\"https:\/\/noraker.com\/fr\/preservation-ecosysteme-developpement-local\/\" \/>\n<meta property=\"og:site_name\" content=\"Noraker\" \/>\n<meta name=\"twitter:card\" content=\"summary_large_image\" \/>\n<meta name=\"twitter:label1\" content=\"Dur\u00e9e de lecture estim\u00e9e\" \/>\n\t<meta name=\"twitter:data1\" content=\"2 minutes\" \/>\n<script type=\"application\/ld+json\" class=\"yoast-schema-graph\">{\"@context\":\"https:\/\/schema.org\",\"@graph\":[{\"@type\":\"WebPage\",\"@id\":\"https:\/\/noraker.com\/fr\/preservation-ecosysteme-developpement-local\/\",\"url\":\"https:\/\/noraker.com\/fr\/preservation-ecosysteme-developpement-local\/\",\"name\":\"Pr\u00e9servation de l\u2019\u00e9cosyst\u00e8me et d\u00e9veloppement local | Noraker\",\"isPartOf\":{\"@id\":\"https:\/\/noraker.com\/en\/#website\"},\"datePublished\":\"2026-01-20T15:35:31+00:00\",\"description\":\"Noraker pr\u00e9serve l\u2019\u00e9cosyst\u00e8me \u00e0 chaque \u00e9tape : production durable, emploi local, recyclage, partenariats \u00e9quitables et usage responsable.\",\"breadcrumb\":{\"@id\":\"https:\/\/noraker.com\/fr\/preservation-ecosysteme-developpement-local\/#breadcrumb\"},\"inLanguage\":\"fr-FR\",\"potentialAction\":[{\"@type\":\"ReadAction\",\"target\":[\"https:\/\/noraker.com\/fr\/preservation-ecosysteme-developpement-local\/\"]}]},{\"@type\":\"BreadcrumbList\",\"@id\":\"https:\/\/noraker.com\/fr\/preservation-ecosysteme-developpement-local\/#breadcrumb\",\"itemListElement\":[{\"@type\":\"ListItem\",\"position\":1,\"name\":\"Home\",\"item\":\"https:\/\/noraker.com\/fr\/\"},{\"@type\":\"ListItem\",\"position\":2,\"name\":\"PRESERVATION DE L\u2019ECOSYSTEME ET DEVELOPPEMENT LOCAL\"}]},{\"@type\":\"WebSite\",\"@id\":\"https:\/\/noraker.com\/en\/#website\",\"url\":\"https:\/\/noraker.com\/en\/\",\"name\":\"Noraker\",\"description\":\"\",\"publisher\":{\"@id\":\"https:\/\/noraker.com\/en\/#organization\"},\"potentialAction\":[{\"@type\":\"SearchAction\",\"target\":{\"@type\":\"EntryPoint\",\"urlTemplate\":\"https:\/\/noraker.com\/en\/?s={search_term_string}\"},\"query-input\":{\"@type\":\"PropertyValueSpecification\",\"valueRequired\":true,\"valueName\":\"search_term_string\"}}],\"inLanguage\":\"fr-FR\"},{\"@type\":\"Organization\",\"@id\":\"https:\/\/noraker.com\/en\/#organization\",\"name\":\"Noraker\",\"url\":\"https:\/\/noraker.com\/en\/\",\"logo\":{\"@type\":\"ImageObject\",\"inLanguage\":\"fr-FR\",\"@id\":\"https:\/\/noraker.com\/en\/#\/schema\/logo\/image\/\",\"url\":\"https:\/\/noraker.com\/wp-content\/uploads\/2020\/12\/noraker-logo.png\",\"contentUrl\":\"https:\/\/noraker.com\/wp-content\/uploads\/2020\/12\/noraker-logo.png\",\"width\":599,\"height\":186,\"caption\":\"Noraker\"},\"image\":{\"@id\":\"https:\/\/noraker.com\/en\/#\/schema\/logo\/image\/\"}}]}<\/script>\n<!-- \/ Yoast SEO plugin. -->","yoast_head_json":{"title":"Pr\u00e9servation de l\u2019\u00e9cosyst\u00e8me et d\u00e9veloppement local | Noraker","description":"Noraker pr\u00e9serve l\u2019\u00e9cosyst\u00e8me \u00e0 chaque \u00e9tape : production durable, emploi local, recyclage, partenariats \u00e9quitables et usage responsable.","robots":{"index":"index","follow":"follow","max-snippet":"max-snippet:-1","max-image-preview":"max-image-preview:large","max-video-preview":"max-video-preview:-1"},"canonical":"https:\/\/noraker.com\/fr\/preservation-ecosysteme-developpement-local\/","og_locale":"fr_FR","og_type":"article","og_title":"Pr\u00e9servation de l\u2019\u00e9cosyst\u00e8me et d\u00e9veloppement local | Noraker","og_description":"Noraker pr\u00e9serve l\u2019\u00e9cosyst\u00e8me \u00e0 chaque \u00e9tape : production durable, emploi local, recyclage, partenariats \u00e9quitables et usage responsable.","og_url":"https:\/\/noraker.com\/fr\/preservation-ecosysteme-developpement-local\/","og_site_name":"Noraker","twitter_card":"summary_large_image","twitter_misc":{"Dur\u00e9e de lecture estim\u00e9e":"2 minutes"},"schema":{"@context":"https:\/\/schema.org","@graph":[{"@type":"WebPage","@id":"https:\/\/noraker.com\/fr\/preservation-ecosysteme-developpement-local\/","url":"https:\/\/noraker.com\/fr\/preservation-ecosysteme-developpement-local\/","name":"Pr\u00e9servation de l\u2019\u00e9cosyst\u00e8me et d\u00e9veloppement local | Noraker","isPartOf":{"@id":"https:\/\/noraker.com\/en\/#website"},"datePublished":"2026-01-20T15:35:31+00:00","description":"Noraker pr\u00e9serve l\u2019\u00e9cosyst\u00e8me \u00e0 chaque \u00e9tape : production durable, emploi local, recyclage, partenariats \u00e9quitables et usage responsable.","breadcrumb":{"@id":"https:\/\/noraker.com\/fr\/preservation-ecosysteme-developpement-local\/#breadcrumb"},"inLanguage":"fr-FR","potentialAction":[{"@type":"ReadAction","target":["https:\/\/noraker.com\/fr\/preservation-ecosysteme-developpement-local\/"]}]},{"@type":"BreadcrumbList","@id":"https:\/\/noraker.com\/fr\/preservation-ecosysteme-developpement-local\/#breadcrumb","itemListElement":[{"@type":"ListItem","position":1,"name":"Home","item":"https:\/\/noraker.com\/fr\/"},{"@type":"ListItem","position":2,"name":"PRESERVATION DE L\u2019ECOSYSTEME ET DEVELOPPEMENT LOCAL"}]},{"@type":"WebSite","@id":"https:\/\/noraker.com\/en\/#website","url":"https:\/\/noraker.com\/en\/","name":"Noraker","description":"","publisher":{"@id":"https:\/\/noraker.com\/en\/#organization"},"potentialAction":[{"@type":"SearchAction","target":{"@type":"EntryPoint","urlTemplate":"https:\/\/noraker.com\/en\/?s={search_term_string}"},"query-input":{"@type":"PropertyValueSpecification","valueRequired":true,"valueName":"search_term_string"}}],"inLanguage":"fr-FR"},{"@type":"Organization","@id":"https:\/\/noraker.com\/en\/#organization","name":"Noraker","url":"https:\/\/noraker.com\/en\/","logo":{"@type":"ImageObject","inLanguage":"fr-FR","@id":"https:\/\/noraker.com\/en\/#\/schema\/logo\/image\/","url":"https:\/\/noraker.com\/wp-content\/uploads\/2020\/12\/noraker-logo.png","contentUrl":"https:\/\/noraker.com\/wp-content\/uploads\/2020\/12\/noraker-logo.png","width":599,"height":186,"caption":"Noraker"},"image":{"@id":"https:\/\/noraker.com\/en\/#\/schema\/logo\/image\/"}}]}},"_links":{"self":[{"href":"https:\/\/noraker.com\/fr\/wp-json\/wp\/v2\/pages\/6331","targetHints":{"allow":["GET"]}}],"collection":[{"href":"https:\/\/noraker.com\/fr\/wp-json\/wp\/v2\/pages"}],"about":[{"href":"https:\/\/noraker.com\/fr\/wp-json\/wp\/v2\/types\/page"}],"author":[{"embeddable":true,"href":"https:\/\/noraker.com\/fr\/wp-json\/wp\/v2\/users\/51"}],"replies":[{"embeddable":true,"href":"https:\/\/noraker.com\/fr\/wp-json\/wp\/v2\/comments?post=6331"}],"version-history":[{"count":19,"href":"https:\/\/noraker.com\/fr\/wp-json\/wp\/v2\/pages\/6331\/revisions"}],"predecessor-version":[{"id":6537,"href":"https:\/\/noraker.com\/fr\/wp-json\/wp\/v2\/pages\/6331\/revisions\/6537"}],"wp:attachment":[{"href":"https:\/\/noraker.com\/fr\/wp-json\/wp\/v2\/media?parent=6331"}],"curies":[{"name":"wp","href":"https:\/\/api.w.org\/{rel}","templated":true}]}}